{"id":1145,"date":"2016-10-09T12:12:01","date_gmt":"2016-10-09T12:12:01","guid":{"rendered":"http:\/\/dentalia.orionthemes.com\/demo-1\/?page_id=1145"},"modified":"2023-10-26T14:41:55","modified_gmt":"2023-10-26T14:41:55","slug":"composite-bonding-in-turkey","status":"publish","type":"page","link":"https:\/\/www.dentagloss.com\/de\/dental-treatments\/composite-bonding-in-turkey\/","title":{"rendered":"Composite Bonding"},"content":{"rendered":"<div id=\"pl-1145\"  class=\"panel-layout\" ><div id=\"pg-1145-0\"  class=\"panel-grid panel-has-style\" ><div class=\"vertical_up orion-parallax siteorigin-panels-stretch divider-no-animation tablet-default mobile-1-in-row desktop-default custom panel-row-style panel-row-style-for-1145-0\" data-stretch-type=\"full\" ><div id=\"pgc-1145-0-0\"  class=\"panel-grid-cell\" ><div class=\"custom panel-cell-style panel-cell-style-for-1145-0-0\" ><div id=\"panel-1145-0-0-0\" class=\"so-panel widget widget_orion_empty_space_w panel-first-child panel-last-child\" data-index=\"0\" ><div class=\"orion custom default panel-widget-style panel-widget-style-for-1145-0-0-0\" ><div\n\t\t\t\n\t\t\tclass=\"so-widget-orion_empty_space_w so-widget-orion_empty_space_w-base\"\n\t\t\t\n\t\t>\t<div class=\"row empty-space visible-lg visible-md visible-sm visible-xs\" style=\"height:360px;\">\r\n\t<\/div><\/div><\/div><\/div><\/div><\/div><\/div><\/div><div id=\"pg-1145-1\"  class=\"panel-grid panel-has-style\" ><div class=\"divider-no-animation tablet-1-in-row mobile-1-in-row desktop-default custom panel-row-style panel-row-style-for-1145-1\" ><div id=\"pgc-1145-1-0\"  class=\"panel-grid-cell\" ><div id=\"panel-1145-1-0-0\" class=\"so-panel widget widget_orion_before_after_w panel-first-child\" data-index=\"1\" ><div class=\"orion custom default panel-widget-style panel-widget-style-for-1145-1-0-0\" ><div\n\t\t\t\n\t\t\tclass=\"so-widget-orion_before_after_w so-widget-orion_before_after_w-base\"\n\t\t\t\n\t\t>\t<div class=\"twentytwenty-container orion-before-after overlay-none overlay-hover-none handle-transparent\" id=\"ba_69e0d928cb28e\">\r\n\t\t\t<img decoding=\"async\" src=\"https:\/\/www.dentagloss.com\/wp-content\/uploads\/2023\/08\/CompositeBefore1.jpg\" \r\n\t\t\tclass=\"before\" \r\n\t\t\t\t\t\t\/>\t\r\n\t\t\t\t\t\t<img decoding=\"async\" src=\"https:\/\/www.dentagloss.com\/wp-content\/uploads\/2023\/08\/CompositeAfter2.jpg\" class=\"after\" \r\n\t\t\t\t\t\t\/>\r\n\t\t\t\t\t\r\n\t\t<div class=\"overlay\"><\/div>\r\n\t<\/div>\r\n\r\n\t<script>\r\n\tjQuery(window).on('load',function(){\r\n\t\tjQuery(\"#ba_69e0d928cb28e\").twentytwenty({\r\n\t\t\tdefault_offset_pct: 0.5, \r\n\t\t\torientation: 'horizontal', \r\n\t\t});\r\n\t});\r\n\t<\/script> <\/div><\/div><\/div><div id=\"panel-1145-1-0-1\" class=\"so-panel widget widget_orion_heading_w\" data-index=\"2\" ><div class=\"orion custom mobile-text-center tablets-text-center default panel-widget-style panel-widget-style-for-1145-1-0-1\" ><div\n\t\t\t\n\t\t\tclass=\"so-widget-orion_heading_w so-widget-orion_heading_w-base\"\n\t\t\t\n\t\t> \r\n\t\t\t<div class=\"row orion-heading\" style=\"margin-bottom:0px;\">\r\n\t\t<div class=\"col-md-12  separator-style-1 text-left style-h6 style-primary-color\">\r\n\t\t\t<h6 class=\"primary-color\">\r\n\t\t\t\t1 Tag\t\t\t<\/h6>\r\n\t\t<\/div>\r\n\t<\/div>\r\n\r\n\t<\/div><\/div><\/div><div id=\"panel-1145-1-0-2\" class=\"so-panel widget widget_orion_heading_w\" data-index=\"3\" ><div class=\"orion custom mobile-text-center tablets-text-center default panel-widget-style panel-widget-style-for-1145-1-0-2\" ><div\n\t\t\t\n\t\t\tclass=\"so-widget-orion_heading_w so-widget-orion_heading_w-base\"\n\t\t\t\n\t\t> \r\n\t\t\t<div class=\"row orion-heading\" style=\"margin-bottom:0px;\">\r\n\t\t<div class=\"col-md-12  separator-style-1 text-left style-h2 style-secondary-color\">\r\n\t\t\t<h2 class=\"secondary-color\">\r\n\t\t\t\tComposite Bonding in der Turkei\t\t\t<\/h2>\r\n\t\t<\/div>\r\n\t<\/div>\r\n\r\n\t<\/div><\/div><\/div><div id=\"panel-1145-1-0-3\" class=\"so-panel widget widget_sow-editor\" data-index=\"4\" ><div class=\"orion custom mobile-text-center tablets-text-center default panel-widget-style panel-widget-style-for-1145-1-0-3\" ><div\n\t\t\t\n\t\t\tclass=\"so-widget-sow-editor so-widget-sow-editor-base\"\n\t\t\t\n\t\t>\n<div class=\"siteorigin-widget-tinymce textwidget\">\n\t<p class=\"lead\"><strong>Composite Bonding in Turkey, It is the process of removing minor deformities in the teeth without cutting the teeth. A special material for the anterior region is placed on the teeth with the careful work of the <a href=\"https:\/\/www.dentagloss.com\/de\/about-dentagloss-turkey\/dentist-in-turkey\/\">dentist<\/a> and the teeth are reshaped. <\/strong><\/p>\n<p class=\"lead\"><strong>It can be used in repairing broken teeth, closing small gaps, extending the length of teeth, changing their colors.<\/strong><\/p>\n<\/div>\n<\/div><\/div><\/div><div id=\"panel-1145-1-0-4\" class=\"so-panel widget widget_orion_empty_space_w\" data-index=\"5\" ><div class=\"orion custom default panel-widget-style panel-widget-style-for-1145-1-0-4\" ><div\n\t\t\t\n\t\t\tclass=\"so-widget-orion_empty_space_w so-widget-orion_empty_space_w-base\"\n\t\t\t\n\t\t>\t<div class=\"row empty-space visible-sm visible-xs\" style=\"height:24px;\">\r\n\t<\/div><\/div><\/div><\/div><div id=\"panel-1145-1-0-5\" class=\"so-panel widget widget_orion_heading_w\" data-index=\"6\" ><div class=\"orion custom mobile-text-center tablets-text-center default panel-widget-style panel-widget-style-for-1145-1-0-5\" ><div\n\t\t\t\n\t\t\tclass=\"so-widget-orion_heading_w so-widget-orion_heading_w-base\"\n\t\t\t\n\t\t> \r\n\t\t\t<div class=\"row orion-heading\" style=\"margin-bottom:0px;\">\r\n\t\t<div class=\"col-md-12   text-left style-h2 style-text-dark\">\r\n\t\t\t<h2 class=\"text-dark\">\r\n\t\t\t\tERHALTEN SIE IHRE NAT\u00dcRLICHEN Z\u00c4HNE\t\t\t<\/h2>\r\n\t\t<\/div>\r\n\t<\/div>\r\n\r\n\t<\/div><\/div><\/div><div id=\"panel-1145-1-0-6\" class=\"so-panel widget widget_orion_accordion_w panel-last-child\" data-index=\"7\" ><div class=\"orion custom default panel-widget-style panel-widget-style-for-1145-1-0-6\" ><div\n\t\t\t\n\t\t\tclass=\"so-widget-orion_accordion_w so-widget-orion_accordion_w-base\"\n\t\t\t\n\t\t>\t\r\n\r\n\t<div class=\"panel-group\" role=\"tablist\" aria-multiselectable=\"true\" id=\"acc_69e0d928cbcbe\">\r\n\t\t\r\n\t\t\t\t\t\t\t\t\r\n\t\t\t\r\n\t\t<div class=\"panel panel-default\" style=\"border-color:#f2f2f2; background:transparent\">\r\n\t\t\t<div class=\"panel-heading\" role=\"tab\" id=\"Whatisthecompositelaminatetreatmentusedfor69e0d928cbcd8\">\r\n\t\t\t\t<h4 class=\"panel-title\">\r\n\t\t\t\t\t<a role=\"button\" data-toggle=\"collapse\" href=\"#Whatisthecompositelaminatetreatmentusedfor69e0d928cbcd8-panel\" class=\"collapsed primary-hover\" aria-expanded=\"false\" aria-controls=\"Whatisthecompositelaminatetreatmentusedfor69e0d928cbcd8\" data-parent=\"#acc_69e0d928cbcbe\" style=\"border-color:#f2f2f2;\">\r\n\t\t\t\t\t  \t\r\n\t\t\t\t\t  \tWozu dient die Kompozit-Veneers Behandlung?\t\t\t\t\t<\/a>\r\n\t\t\t\t<\/h4>\r\n\r\n\t\t\t<\/div>\r\n\t\t\t<div class=\"panel-collapse collapse\" id=\"Whatisthecompositelaminatetreatmentusedfor69e0d928cbcd8-panel\" aria-expanded=\"false\" role=\"tabpanel\" aria-labelledby=\"Whatisthecompositelaminatetreatmentusedfor69e0d928cbcd8\">\r\n\t\t\t\t<div class=\"panel-body\" style=\"border-color:#f2f2f2;\">\r\n\t\t\t\t\t<p>Composite Bonding in Turkey can be used successfully in smile design for repairing broken teeth, closing interdental spaces, extending the length of teeth, changing their color.<\/p>\n\t\t\t\t<\/div>\r\n\t\t\t<\/div>\r\n\t\t<\/div>\r\n\t\t\t\t\t\t\r\n\t\t\t\r\n\t\t<div class=\"panel panel-default\" style=\"border-color:#f2f2f2; background:transparent\">\r\n\t\t\t<div class=\"panel-heading\" role=\"tab\" id=\"AdvantagesofCompositeLaminate69e0d928cbd44\">\r\n\t\t\t\t<h4 class=\"panel-title\">\r\n\t\t\t\t\t<a role=\"button\" data-toggle=\"collapse\" href=\"#AdvantagesofCompositeLaminate69e0d928cbd44-panel\" class=\"collapsed primary-hover\" aria-expanded=\"false\" aria-controls=\"AdvantagesofCompositeLaminate69e0d928cbd44\" data-parent=\"#acc_69e0d928cbcbe\" style=\"border-color:#f2f2f2;\">\r\n\t\t\t\t\t  \t\r\n\t\t\t\t\t  \tVorteile von Kompozit-Veneers\t\t\t\t\t<\/a>\r\n\t\t\t\t<\/h4>\r\n\r\n\t\t\t<\/div>\r\n\t\t\t<div class=\"panel-collapse collapse\" id=\"AdvantagesofCompositeLaminate69e0d928cbd44-panel\" aria-expanded=\"false\" role=\"tabpanel\" aria-labelledby=\"AdvantagesofCompositeLaminate69e0d928cbd44\">\r\n\t\t\t\t<div class=\"panel-body\" style=\"border-color:#f2f2f2;\">\r\n\t\t\t\t\t<ul>\n<li>\n<div>Die wichtigsten Vorteile der Kompozite Veneers-Behandlung sind:<\/div>\n<ul>\n<li>Es ist fast keine schleifen des Zahn erforderlich, es handelt sich um eine der besten Behandlungsmethoden.<\/li>\n<li>Das Ergebnis der Behandlung kommt mit dem nat\u00fcrlichen Aussehen.<\/li>\n<li>Es ist eine erfolgreiche Methode f\u00fcr kleinerer Zahnprobleme.<\/li>\n<li>Die Behandlungszeit ist sehr kurz, es ist eine ideale Behandlungsmethode, besonderst f\u00fcr Patienten die kurze Zeit haben.<\/li>\n<li class=\"translation-block\">Es ist g\u00fcnstiger als viele andere Behandlungen. Z.B. dental veneers, kronen...<\/li>\n<li>\u00c4sthetische Kompositf\u00fcllungen k\u00f6nnen als methode behandelt werden.<\/li>\n<li>Eventuelle Sch\u00e4den, die beim Kontakt mit harten Gegenst\u00e4nden k\u00f6nnen repariert werden, eine Erneuerung wie bei Porzellanlaminaten ist nicht erforderlich.<\/li>\n<\/ul>\n<\/li>\n<\/ul>\n\t\t\t\t<\/div>\r\n\t\t\t<\/div>\r\n\t\t<\/div>\r\n\t\t\t\t\t\t\r\n\t\t\t\r\n\t\t<div class=\"panel panel-default\" style=\"border-color:#f2f2f2; background:transparent\">\r\n\t\t\t<div class=\"panel-heading\" role=\"tab\" id=\"WhataretheapplicationstagesofCompositeLaminate69e0d928cbe3c\">\r\n\t\t\t\t<h4 class=\"panel-title\">\r\n\t\t\t\t\t<a role=\"button\" data-toggle=\"collapse\" href=\"#WhataretheapplicationstagesofCompositeLaminate69e0d928cbe3c-panel\" class=\"collapsed primary-hover\" aria-expanded=\"false\" aria-controls=\"WhataretheapplicationstagesofCompositeLaminate69e0d928cbe3c\" data-parent=\"#acc_69e0d928cbcbe\" style=\"border-color:#f2f2f2;\">\r\n\t\t\t\t\t  \t\r\n\t\t\t\t\t  \tWas sind die Anwendungsphasen von Kompozit-Veneers?\t\t\t\t\t<\/a>\r\n\t\t\t\t<\/h4>\r\n\r\n\t\t\t<\/div>\r\n\t\t\t<div class=\"panel-collapse collapse\" id=\"WhataretheapplicationstagesofCompositeLaminate69e0d928cbe3c-panel\" aria-expanded=\"false\" role=\"tabpanel\" aria-labelledby=\"WhataretheapplicationstagesofCompositeLaminate69e0d928cbe3c\">\r\n\t\t\t\t<div class=\"panel-body\" style=\"border-color:#f2f2f2;\">\r\n\t\t\t\t\t<h2>Composite Bonding in der Turkei<\/h2>\n<div>is a treatment that does not require preliminary preparation and is usually completed within 1-1.5 hours, although the application time varies according to the number of teeth to be intervened. If a carious tooth filling will not be made, it will be done without the need for anesthesia. The processes proceed as follows:<\/div>\n<div><\/div>\n<div><\/div>\n<ul>\n<li>Der Zahnarzt w\u00e4hlt das F\u00fcllung material passend zur Zahnfarbe des Patienten .<\/li>\n<li>Vor der Anwendung, eine Zahnreinigung w\u00fcrde gemacht.<\/li>\n<li>Die von Bakterien, Zahnstein und Plaque freie Zahnoberfl\u00e4che wird mit einem speziellen Behandlung (Phosphors\u00e4ure-Einsatz ) aufgeraut, um die Haftung des Composite Lamina-Materials am Zahn zu erleichtern.<\/li>\n<li>Damit der Composite-Lamina-Prozess stattfinden kann, wird der Zahn mit einer Hilfsgelschicht bedeckt.<\/li>\n<li>Damit der Kompozite-Veneers-Prozess stattfinden kann, wird der Zahn mit einer gel bedeckt.<\/li>\n<li>Zur h\u00e4rtung des Materials wird UV-Licht benutzt.<\/li>\n<li>Das ausgeh\u00e4rtete Kompozite Veneers Material wird dann vom Zahnarzt in die Zahnform gebracht.<\/li>\n<\/ul>\n<div>Abschlie\u00dfend wird Politur aufgetragen und das geplante \u00e4sthetische Erscheinungsbild der Z\u00e4hne w\u00fcrde erreicht.<\/div>\n\t\t\t\t<\/div>\r\n\t\t\t<\/div>\r\n\t\t<\/div>\r\n\t\t\t\t\t\t\r\n\t\t\t\r\n\t\t<div class=\"panel panel-default\" style=\"border-color:#f2f2f2; background:transparent\">\r\n\t\t\t<div class=\"panel-heading\" role=\"tab\" id=\"HowlongdoesCompositeLaminalast69e0d928cbf55\">\r\n\t\t\t\t<h4 class=\"panel-title\">\r\n\t\t\t\t\t<a role=\"button\" data-toggle=\"collapse\" href=\"#HowlongdoesCompositeLaminalast69e0d928cbf55-panel\" class=\"collapsed primary-hover\" aria-expanded=\"false\" aria-controls=\"HowlongdoesCompositeLaminalast69e0d928cbf55\" data-parent=\"#acc_69e0d928cbcbe\" style=\"border-color:#f2f2f2;\">\r\n\t\t\t\t\t  \t\r\n\t\t\t\t\t  \tWie lange h\u00e4lt Kompozit Veneers?\t\t\t\t\t<\/a>\r\n\t\t\t\t<\/h4>\r\n\r\n\t\t\t<\/div>\r\n\t\t\t<div class=\"panel-collapse collapse\" id=\"HowlongdoesCompositeLaminalast69e0d928cbf55-panel\" aria-expanded=\"false\" role=\"tabpanel\" aria-labelledby=\"HowlongdoesCompositeLaminalast69e0d928cbf55\">\r\n\t\t\t\t<div class=\"panel-body\" style=\"border-color:#f2f2f2;\">\r\n\t\t\t\t\t<p>Wenn die Empfehlungen des Zahnarztes befolgt werden, kann die Bonding-Anwendung viele Jahre lang verwendet werden. Lebensdauer der F\u00fcllungen von Patient zu Patient unterschiedlich und liegt zwischen 3 und 10 Jahren.<\/p>\n<p>&nbsp;<\/p>\n<h2>Composite Bonding in der Turkei<\/h2>\n\t\t\t\t<\/div>\r\n\t\t\t<\/div>\r\n\t\t<\/div>\r\n\t\t\t<\/div>\t\r\n\r\n\r\n\r\n\r\n<\/div><\/div><\/div><\/div><div id=\"pgc-1145-1-1\"  class=\"panel-grid-cell\" ><div id=\"panel-1145-1-1-0\" class=\"so-panel widget widget_orion_image_w panel-first-child panel-last-child\" data-index=\"8\" ><div class=\"orion custom mobile-text-center default panel-widget-style panel-widget-style-for-1145-1-1-0\" ><div\n\t\t\t\n\t\t\tclass=\"so-widget-orion_image_w so-widget-orion_image_w-base\"\n\t\t\t\n\t\t>\r\n<div class=\"image-w relative rounded\">\r\n\r\n\t\t\t\t\t\t\t<div class=\"orion_circle image-wrap rounded overlay-greyscale overlay-hover-none\">\r\n\t\t\r\n\t\t\t\t<div class=\"circle-wrap\">\r\n\t\t\t\t\t<img loading=\"lazy\" decoding=\"async\" width=\"750\" height=\"750\" src=\"https:\/\/www.dentagloss.com\/wp-content\/uploads\/2023\/08\/CompositeLamina-750x750.jpg\" class=\"attachment-orion_square size-orion_square\" alt=\"Composite Bonding in der Turkei\" \/>\t\t\t<div class=\"overlay\"><\/div>\r\n\t\t\t\t<\/div>\r\n\t\t\r\n\t\t\t\t\t<\/div>\r\n\t\t\t\r\n\t\r\n\t<div class=\"absolute\">\r\n\t\t<div class=\"hover-desc table-wrap\">\r\n\t\t\t<div class=\"cell-wrap\">\r\n\t\t\t\t<h4 class=\"text-light\"><\/h4>\r\n\t\t\t<\/div>\r\n\t\t<\/div>\r\n\t<\/div>\t\t\t\t\t\r\n<\/div>\r\n\r\n<\/div><\/div><\/div><\/div><\/div><\/div><\/div>","protected":false},"excerpt":{"rendered":"<p>We work passionately toward creating the most youthful smiles for patients whose natural teeth require replacement.<\/p>","protected":false},"author":1,"featured_media":0,"parent":968,"menu_order":0,"comment_status":"closed","ping_status":"closed","template":"","meta":{"footnotes":""},"class_list":["post-1145","page","type-page","status-publish","hentry"],"yoast_head":"<!-- This site is optimized with the Yoast SEO Premium plugin v21.0 (Yoast SEO v25.1) - https:\/\/yoast.com\/wordpress\/plugins\/seo\/ -->\n<title>Composite Bonding in Turkey - DentaGloss - Turkey Dental Centre<\/title>\n<meta name=\"description\" content=\"Composite Bonding in Turkey. It is the process of removing minor deformities in the teeth without cutting the teeth..\" \/>\n<meta name=\"robots\" content=\"index, follow, max-snippet:-1, max-image-preview:large, max-video-preview:-1\" \/>\n<link rel=\"canonical\" href=\"https:\/\/www.dentagloss.com\/de\/dental-treatments\/composite-bonding-in-turkey\/\" \/>\n<meta property=\"og:locale\" content=\"de_DE\" \/>\n<meta property=\"og:type\" content=\"article\" \/>\n<meta property=\"og:title\" content=\"Composite Bonding\" \/>\n<meta property=\"og:description\" content=\"Composite Bonding in Turkey. It is the process of removing minor deformities in the teeth without cutting the teeth..\" \/>\n<meta property=\"og:url\" content=\"https:\/\/www.dentagloss.com\/de\/dental-treatments\/composite-bonding-in-turkey\/\" \/>\n<meta property=\"og:site_name\" content=\"DentaGloss - Turkey Dental Centre\" \/>\n<meta property=\"article:publisher\" content=\"https:\/\/www.facebook.com\/dentagloss\" \/>\n<meta property=\"article:modified_time\" content=\"2023-10-26T14:41:55+00:00\" \/>\n<meta property=\"og:image\" content=\"https:\/\/www.dentagloss.com\/wp-content\/uploads\/2023\/07\/cropped-Gloss1PNG.png\" \/>\n\t<meta property=\"og:image:width\" content=\"512\" \/>\n\t<meta property=\"og:image:height\" content=\"512\" \/>\n\t<meta property=\"og:image:type\" content=\"image\/png\" \/>\n<meta name=\"twitter:card\" content=\"summary_large_image\" \/>\n<meta name=\"twitter:label1\" content=\"Gesch\u00e4tzte Lesezeit\" \/>\n\t<meta name=\"twitter:data1\" content=\"3\u00a0Minuten\" \/>\n<script type=\"application\/ld+json\" class=\"yoast-schema-graph\">{\"@context\":\"https:\/\/schema.org\",\"@graph\":[{\"@type\":\"WebPage\",\"@id\":\"https:\/\/www.dentagloss.com\/dental-treatments\/composite-bonding-in-turkey\/\",\"url\":\"https:\/\/www.dentagloss.com\/dental-treatments\/composite-bonding-in-turkey\/\",\"name\":\"Composite Bonding in Turkey - DentaGloss - Turkey Dental Centre\",\"isPartOf\":{\"@id\":\"https:\/\/www.dentagloss.com\/#website\"},\"datePublished\":\"2016-10-09T12:12:01+00:00\",\"dateModified\":\"2023-10-26T14:41:55+00:00\",\"description\":\"Composite Bonding in Turkey. It is the process of removing minor deformities in the teeth without cutting the teeth..\",\"breadcrumb\":{\"@id\":\"https:\/\/www.dentagloss.com\/dental-treatments\/composite-bonding-in-turkey\/#breadcrumb\"},\"inLanguage\":\"de\",\"potentialAction\":[{\"@type\":\"ReadAction\",\"target\":[\"https:\/\/www.dentagloss.com\/dental-treatments\/composite-bonding-in-turkey\/\"]}]},{\"@type\":\"BreadcrumbList\",\"@id\":\"https:\/\/www.dentagloss.com\/dental-treatments\/composite-bonding-in-turkey\/#breadcrumb\",\"itemListElement\":[{\"@type\":\"ListItem\",\"position\":1,\"name\":\"Home\",\"item\":\"https:\/\/www.dentagloss.com\/\"},{\"@type\":\"ListItem\",\"position\":2,\"name\":\"Dental Treatments\",\"item\":\"https:\/\/www.dentagloss.com\/dental-treatments\/\"},{\"@type\":\"ListItem\",\"position\":3,\"name\":\"Composite Bonding\"}]},{\"@type\":\"WebSite\",\"@id\":\"https:\/\/www.dentagloss.com\/#website\",\"url\":\"https:\/\/www.dentagloss.com\/\",\"name\":\"DentaGloss Dental Clinic - Turkey Dental Centre\",\"description\":\"Enjoy dental tourism in Turkey\",\"publisher\":{\"@id\":\"https:\/\/www.dentagloss.com\/#organization\"},\"alternateName\":\"DentaGloss - Turkey Dental Centre\",\"potentialAction\":[{\"@type\":\"SearchAction\",\"target\":{\"@type\":\"EntryPoint\",\"urlTemplate\":\"https:\/\/www.dentagloss.com\/?s={search_term_string}\"},\"query-input\":{\"@type\":\"PropertyValueSpecification\",\"valueRequired\":true,\"valueName\":\"search_term_string\"}}],\"inLanguage\":\"de\"},{\"@type\":\"Organization\",\"@id\":\"https:\/\/www.dentagloss.com\/#organization\",\"name\":\"DentaGloss Dental Clinic - Turkey Dental Centre\",\"alternateName\":\"DentaGloss - Turkey Dental Centre\",\"url\":\"https:\/\/www.dentagloss.com\/\",\"logo\":{\"@type\":\"ImageObject\",\"inLanguage\":\"de\",\"@id\":\"https:\/\/www.dentagloss.com\/#\/schema\/logo\/image\/\",\"url\":\"https:\/\/dentagloss.com\/wp-content\/uploads\/2023\/07\/cropped-Gloss1PNG.png\",\"contentUrl\":\"https:\/\/dentagloss.com\/wp-content\/uploads\/2023\/07\/cropped-Gloss1PNG.png\",\"width\":512,\"height\":512,\"caption\":\"DentaGloss Dental Clinic - Turkey Dental Centre\"},\"image\":{\"@id\":\"https:\/\/www.dentagloss.com\/#\/schema\/logo\/image\/\"},\"sameAs\":[\"https:\/\/www.facebook.com\/dentagloss\",\"https:\/\/www.instagram.com\/dentagloss\/\"],\"publishingPrinciples\":\"https:\/\/www.dentagloss.com\/de\/privacy-policy\/\",\"ownershipFundingInfo\":\"https:\/\/www.dentagloss.com\/about-dentagloss-turkey\/dentist-in-turkey\/\",\"actionableFeedbackPolicy\":\"https:\/\/www.dentagloss.com\/get-a-free-offer\/\",\"correctionsPolicy\":\"https:\/\/www.dentagloss.com\/de\/privacy-policy\/\",\"ethicsPolicy\":\"https:\/\/www.dentagloss.com\/de\/privacy-policy\/\",\"diversityPolicy\":\"https:\/\/www.dentagloss.com\/de\/privacy-policy\/\",\"diversityStaffingReport\":\"https:\/\/www.dentagloss.com\/dental-clinic-contact\/\"}]}<\/script>\n<!-- \/ Yoast SEO Premium plugin. -->","yoast_head_json":{"title":"Composite Bonding in Turkey - DentaGloss - Turkey Dental Centre","description":"Composite Bonding in Turkey. It is the process of removing minor deformities in the teeth without cutting the teeth..","robots":{"index":"index","follow":"follow","max-snippet":"max-snippet:-1","max-image-preview":"max-image-preview:large","max-video-preview":"max-video-preview:-1"},"canonical":"https:\/\/www.dentagloss.com\/de\/dental-treatments\/composite-bonding-in-turkey\/","og_locale":"de_DE","og_type":"article","og_title":"Composite Bonding","og_description":"Composite Bonding in Turkey. It is the process of removing minor deformities in the teeth without cutting the teeth..","og_url":"https:\/\/www.dentagloss.com\/de\/dental-treatments\/composite-bonding-in-turkey\/","og_site_name":"DentaGloss - Turkey Dental Centre","article_publisher":"https:\/\/www.facebook.com\/dentagloss","article_modified_time":"2023-10-26T14:41:55+00:00","og_image":[{"width":512,"height":512,"url":"https:\/\/www.dentagloss.com\/wp-content\/uploads\/2023\/07\/cropped-Gloss1PNG.png","type":"image\/png"}],"twitter_card":"summary_large_image","twitter_misc":{"Gesch\u00e4tzte Lesezeit":"3\u00a0Minuten"},"schema":{"@context":"https:\/\/schema.org","@graph":[{"@type":"WebPage","@id":"https:\/\/www.dentagloss.com\/dental-treatments\/composite-bonding-in-turkey\/","url":"https:\/\/www.dentagloss.com\/dental-treatments\/composite-bonding-in-turkey\/","name":"Composite Bonding in Turkey - DentaGloss - Turkey Dental Centre","isPartOf":{"@id":"https:\/\/www.dentagloss.com\/#website"},"datePublished":"2016-10-09T12:12:01+00:00","dateModified":"2023-10-26T14:41:55+00:00","description":"Composite Bonding in Turkey. It is the process of removing minor deformities in the teeth without cutting the teeth..","breadcrumb":{"@id":"https:\/\/www.dentagloss.com\/dental-treatments\/composite-bonding-in-turkey\/#breadcrumb"},"inLanguage":"de","potentialAction":[{"@type":"ReadAction","target":["https:\/\/www.dentagloss.com\/dental-treatments\/composite-bonding-in-turkey\/"]}]},{"@type":"BreadcrumbList","@id":"https:\/\/www.dentagloss.com\/dental-treatments\/composite-bonding-in-turkey\/#breadcrumb","itemListElement":[{"@type":"ListItem","position":1,"name":"Home","item":"https:\/\/www.dentagloss.com\/"},{"@type":"ListItem","position":2,"name":"Dental Treatments","item":"https:\/\/www.dentagloss.com\/dental-treatments\/"},{"@type":"ListItem","position":3,"name":"Composite Bonding"}]},{"@type":"WebSite","@id":"https:\/\/www.dentagloss.com\/#website","url":"https:\/\/www.dentagloss.com\/","name":"DentaGloss Dental Clinic - Turkey Dental Centre","description":"Enjoy dental tourism in Turkey","publisher":{"@id":"https:\/\/www.dentagloss.com\/#organization"},"alternateName":"DentaGloss - Turkey Dental Centre","potentialAction":[{"@type":"SearchAction","target":{"@type":"EntryPoint","urlTemplate":"https:\/\/www.dentagloss.com\/?s={search_term_string}"},"query-input":{"@type":"PropertyValueSpecification","valueRequired":true,"valueName":"search_term_string"}}],"inLanguage":"de"},{"@type":"Organization","@id":"https:\/\/www.dentagloss.com\/#organization","name":"DentaGloss Dental Clinic - Turkey Dental Centre","alternateName":"DentaGloss - Turkey Dental Centre","url":"https:\/\/www.dentagloss.com\/","logo":{"@type":"ImageObject","inLanguage":"de","@id":"https:\/\/www.dentagloss.com\/#\/schema\/logo\/image\/","url":"https:\/\/dentagloss.com\/wp-content\/uploads\/2023\/07\/cropped-Gloss1PNG.png","contentUrl":"https:\/\/dentagloss.com\/wp-content\/uploads\/2023\/07\/cropped-Gloss1PNG.png","width":512,"height":512,"caption":"DentaGloss Dental Clinic - Turkey Dental Centre"},"image":{"@id":"https:\/\/www.dentagloss.com\/#\/schema\/logo\/image\/"},"sameAs":["https:\/\/www.facebook.com\/dentagloss","https:\/\/www.instagram.com\/dentagloss\/"],"publishingPrinciples":"https:\/\/www.dentagloss.com\/de\/privacy-policy\/","ownershipFundingInfo":"https:\/\/www.dentagloss.com\/about-dentagloss-turkey\/dentist-in-turkey\/","actionableFeedbackPolicy":"https:\/\/www.dentagloss.com\/get-a-free-offer\/","correctionsPolicy":"https:\/\/www.dentagloss.com\/de\/privacy-policy\/","ethicsPolicy":"https:\/\/www.dentagloss.com\/de\/privacy-policy\/","diversityPolicy":"https:\/\/www.dentagloss.com\/de\/privacy-policy\/","diversityStaffingReport":"https:\/\/www.dentagloss.com\/dental-clinic-contact\/"}]}},"_links":{"self":[{"href":"https:\/\/www.dentagloss.com\/de\/wp-json\/wp\/v2\/pages\/1145","targetHints":{"allow":["GET"]}}],"collection":[{"href":"https:\/\/www.dentagloss.com\/de\/wp-json\/wp\/v2\/pages"}],"about":[{"href":"https:\/\/www.dentagloss.com\/de\/wp-json\/wp\/v2\/types\/page"}],"author":[{"embeddable":true,"href":"https:\/\/www.dentagloss.com\/de\/wp-json\/wp\/v2\/users\/1"}],"replies":[{"embeddable":true,"href":"https:\/\/www.dentagloss.com\/de\/wp-json\/wp\/v2\/comments?post=1145"}],"version-history":[{"count":45,"href":"https:\/\/www.dentagloss.com\/de\/wp-json\/wp\/v2\/pages\/1145\/revisions"}],"predecessor-version":[{"id":4354,"href":"https:\/\/www.dentagloss.com\/de\/wp-json\/wp\/v2\/pages\/1145\/revisions\/4354"}],"up":[{"embeddable":true,"href":"https:\/\/www.dentagloss.com\/de\/wp-json\/wp\/v2\/pages\/968"}],"wp:attachment":[{"href":"https:\/\/www.dentagloss.com\/de\/wp-json\/wp\/v2\/media?parent=1145"}],"curies":[{"name":"wp","href":"https:\/\/api.w.org\/{rel}","templated":true}]}}