{"id":1956,"date":"2017-05-18T07:32:47","date_gmt":"2017-05-18T07:32:47","guid":{"rendered":"http:\/\/dentalia.orionthemes.com\/new-demos\/demo-1\/?page_id=1956"},"modified":"2023-08-22T14:35:16","modified_gmt":"2023-08-22T14:35:16","slug":"dentist-in-turkey","status":"publish","type":"page","link":"https:\/\/www.dentagloss.com\/de\/about-dentagloss-turkey\/dentist-in-turkey\/","title":{"rendered":"Unser Team"},"content":{"rendered":"<div id=\"pl-1956\"  class=\"panel-layout\" ><div id=\"pg-1956-0\"  class=\"panel-grid panel-has-style\" ><div class=\"siteorigin-panels-stretch divider-no-animation tablet-default mobile-1-in-row desktop-default panel-row-style panel-row-style-for-1956-0\" data-stretch-type=\"full\" data-svg-bottom-color=\"#ffffff\" ><div id=\"pgc-1956-0-0\"  class=\"panel-grid-cell\" ><div id=\"panel-1956-0-0-0\" class=\"so-panel widget widget_orion_heading_w panel-first-child\" data-index=\"0\" ><div class=\"orion custom default panel-widget-style panel-widget-style-for-1956-0-0-0\" ><div\n\t\t\t\n\t\t\tclass=\"so-widget-orion_heading_w so-widget-orion_heading_w-base\"\n\t\t\t\n\t\t> \r\n\t\t\t<div class=\"row orion-heading\" style=\"margin-bottom:0px;\">\r\n\t\t<div class=\"col-md-12  separator-style-1 text-center style-h3 style-primary-color\">\r\n\t\t\t<h3 class=\"primary-color\">\r\n\t\t\t\tTRIFF DAS TEAM\t\t\t<\/h3>\r\n\t\t<\/div>\r\n\t<\/div>\r\n\r\n\t<\/div><\/div><\/div><div id=\"panel-1956-0-0-1\" class=\"so-panel widget widget_orion_heading_w\" data-index=\"1\" ><div class=\"orion custom default panel-widget-style panel-widget-style-for-1956-0-0-1\" ><div\n\t\t\t\n\t\t\tclass=\"so-widget-orion_heading_w so-widget-orion_heading_w-base\"\n\t\t\t\n\t\t> \r\n\t\t\t<div class=\"row orion-heading\" style=\"margin-bottom:0px;\">\r\n\t\t<div class=\"col-md-12   text-center style-h2 style-text-dark\">\r\n\t\t\t<h2 class=\"text-dark\">\r\n\t\t\t\tZAHNMEDIZIN VORBRINGEN\t\t\t<\/h2>\r\n\t\t<\/div>\r\n\t<\/div>\r\n\r\n\t<\/div><\/div><\/div><div id=\"panel-1956-0-0-2\" class=\"so-panel widget widget_sow-editor\" data-index=\"2\" ><div class=\"orion custom default panel-widget-style panel-widget-style-for-1956-0-0-2\" ><div\n\t\t\t\n\t\t\tclass=\"so-widget-sow-editor so-widget-sow-editor-base\"\n\t\t\t\n\t\t>\n<div class=\"siteorigin-widget-tinymce textwidget\">\n\t<p class=\"lead translation-block\" style=\"text-align: center;\">Zahnarzt in der T\u00fcrkei. Das Fachwissen jedes einzelnen Arztes wird durch seine herzliche Herangehensweise \u00fcbertroffen, was zu unserer beispiellosen patientenorientierten und zentrierten Erfahrung f\u00fchrt. Unser Team aus mehr als 10 \u00c4rzten in unseren verschiedenen DentaGloss-Kliniken ist bestrebt, bei jedem einzelnen Patienten und der gesamten Gemeinschaft einen bleibenden Eindruck zu hinterlassen. Wir glauben an die Entwicklung der Wissenschaft und die Idee der ZAHNMEDIZIN ALS KUNST<\/p>\n<\/div>\n<\/div><\/div><\/div><div id=\"panel-1956-0-0-3\" class=\"so-panel widget widget_orion_team_w panel-last-child\" data-index=\"3\" ><div class=\"orion default panel-widget-style panel-widget-style-for-1956-0-0-3\" ><div\n\t\t\t\n\t\t\tclass=\"so-widget-orion_team_w so-widget-orion_team_w-base\"\n\t\t\t\n\t\t><div class=\"row team-members carousel text-dark\">\r\n\r\n<div class=\"wrapper type-dots\">\r\n\r\n\t\t\t\t\t\r\n\t\t\r\n\t\t<div class=\"owl-carousel owl-theme clearfix\" data-col=\"3\" data-autoplay=\"true\" data-autoplaytimeout=\"5000\" data-dots=\"1\">\r\n\t\t\r\n\t\t\t\r\n\t\t\t\t\t\t\t<article class=\"item col-md-12\">\r\n\t\t\t<div class=\"wrap\" style=\"background-color: transparent\">\r\n\t\t\t\t<header class=\"entry-header\" >\r\n\t\t\t\t\t\t\t\t\t\t\t\t\t\t\t\t<a href=\"https:\/\/www.dentagloss.com\/de\/team-member\/dt-selin-erkan\/\" class=\"image-wrap overlay-greyscale overlay-hover-none scale-zoomout orion_circle rounded\">\r\n\t\t\t\t\t\t\t\t\t\t\t\t\t\t<div class=\"circle-wrap\">\r\n\t\t\t\t\t\t\t\t\t\t\t\t\t\t\t<img loading=\"lazy\" decoding=\"async\" width=\"750\" height=\"750\" src=\"https:\/\/www.dentagloss.com\/wp-content\/uploads\/2016\/10\/DtSelin-750x750.jpg\" class=\"attachment-orion_square size-orion_square wp-post-image\" alt=\"Dt. Selin ERKAN\" \/>\t\t\t\t\t\t\t\t<div class=\"overlay\"><\/div>\r\n\t\t\t\t\t\t\t\t\t\t\t\t\t\t<\/div>\r\n\t\t\t\t\t\t\t\t\t\t\t\t\t<\/a>\r\n\t\t\t\t\t\t\t\t\t\t\t\r\n\t\t\t\t<\/header>\t\r\n\t\t\t<div class=\"entry-content vcard text-dark no_bg_color no_border\">\r\n\t\t\t\t<div class=\"basic-info\">\r\n\t\t\t\t\t \r\n\t\t\t\t\t\t<div class=\"departments\">\t\r\n\t\t\t\t\t\t\t \r\n\t\t\t\t\t\t        \t\t\t\t\t\t        \t\t\t\t\t\t\t\t\t\t\r\n\t\t\t\t\t\t\t\t<a class=\"font-3 small category primary-hover primary-color\" href=\"https:\/\/www.dentagloss.com\/de\/department\/specialist-dentist\/\">Fachzahnarzt<\/a>\r\n\t\t\t\t\t\t        \t\t\t\t\t\t\t\t\t\t\t\t    <\/div>\t\r\n\t\t\t\t    \r\n\t\t\t\t    \t\t\t\t\t\t<a title=\"Dt. Selin ERKAN\" class=\"primary-hover\" href=\"https:\/\/www.dentagloss.com\/de\/team-member\/dt-selin-erkan\/\"> <h2 class=\"item-title h5 text-dark\"> Dt. Selin ERKAN<\/h2>\r\n\t\t\t\t\t\t<\/a>\r\n\t\t\t\t\t\t\t\t\t\r\n\t\t\t\t\t\t\t\t\t\t\t\t\t\t\t\t<div class=\"additional-title small\">\r\n\t\t\t\t\t\t\tPROTHETIK-SPEZIALIST\t\t\t\t\t\t<\/div>\r\n\t\t\t\t\t\r\n\t\t\t\t\t\t\t\t\t<\/div> \r\n\r\n\t\t\t\t\t\r\n\t\t\t<\/div>\r\n\t\t<\/div>\r\n\t\t<\/article>\r\n\t\t\t\t\t\t\t<article class=\"item col-md-12\">\r\n\t\t\t<div class=\"wrap\" style=\"background-color: transparent\">\r\n\t\t\t\t<header class=\"entry-header\" >\r\n\t\t\t\t\t\t\t\t\t\t\t\t\t\t\t\t<a href=\"https:\/\/www.dentagloss.com\/de\/team-member\/uzm-dt-turgay-mutlu\/\" class=\"image-wrap overlay-greyscale overlay-hover-none scale-zoomout orion_circle rounded\">\r\n\t\t\t\t\t\t\t\t\t\t\t\t\t\t<div class=\"circle-wrap\">\r\n\t\t\t\t\t\t\t\t\t\t\t\t\t\t\t<img loading=\"lazy\" decoding=\"async\" width=\"750\" height=\"750\" src=\"https:\/\/www.dentagloss.com\/wp-content\/uploads\/2016\/10\/uzm-dt-turgay-mutlu-750x750.jpg\" class=\"attachment-orion_square size-orion_square wp-post-image\" alt=\"\" \/>\t\t\t\t\t\t\t\t<div class=\"overlay\"><\/div>\r\n\t\t\t\t\t\t\t\t\t\t\t\t\t\t<\/div>\r\n\t\t\t\t\t\t\t\t\t\t\t\t\t<\/a>\r\n\t\t\t\t\t\t\t\t\t\t\t\r\n\t\t\t\t<\/header>\t\r\n\t\t\t<div class=\"entry-content vcard text-dark no_bg_color no_border\">\r\n\t\t\t\t<div class=\"basic-info\">\r\n\t\t\t\t\t \r\n\t\t\t\t\t\t<div class=\"departments\">\t\r\n\t\t\t\t\t\t\t \r\n\t\t\t\t\t\t        \t\t\t\t\t\t        \t\t\t\t\t\t\t\t\t\t\r\n\t\t\t\t\t\t\t\t<a class=\"font-3 small category primary-hover primary-color\" href=\"https:\/\/www.dentagloss.com\/de\/department\/specialist-dentist\/\">Fachzahnarzt<\/a>\r\n\t\t\t\t\t\t        \t\t\t\t\t\t\t\t\t\t\t\t    <\/div>\t\r\n\t\t\t\t    \r\n\t\t\t\t    \t\t\t\t\t\t<a title=\"Uzm. Dt. Turgay MUTLU\" class=\"primary-hover\" href=\"https:\/\/www.dentagloss.com\/de\/team-member\/uzm-dt-turgay-mutlu\/\"> <h2 class=\"item-title h5 text-dark\"> Uzm. Dt. Turgay MUTLU<\/h2>\r\n\t\t\t\t\t\t<\/a>\r\n\t\t\t\t\t\t\t\t\t\r\n\t\t\t\t\t\t\t\t\t\t\t\t\t\t\t\t<div class=\"additional-title small\">\r\n\t\t\t\t\t\t\tCHIRURG-ZAHNARZT\t\t\t\t\t\t<\/div>\r\n\t\t\t\t\t\r\n\t\t\t\t\t\t\t\t\t<\/div> \r\n\r\n\t\t\t\t\t\r\n\t\t\t<\/div>\r\n\t\t<\/div>\r\n\t\t<\/article>\r\n\t\t\t\t\t\t\t<article class=\"item col-md-12\">\r\n\t\t\t<div class=\"wrap\" style=\"background-color: transparent\">\r\n\t\t\t\t<header class=\"entry-header\" >\r\n\t\t\t\t\t\t\t\t\t\t\t\t\t\t\t\t<a href=\"https:\/\/www.dentagloss.com\/de\/team-member\/dt-eren-emren\/\" class=\"image-wrap overlay-greyscale overlay-hover-none scale-zoomout orion_circle rounded\">\r\n\t\t\t\t\t\t\t\t\t\t\t\t\t\t<div class=\"circle-wrap\">\r\n\t\t\t\t\t\t\t\t\t\t\t\t\t\t\t<img loading=\"lazy\" decoding=\"async\" width=\"750\" height=\"750\" src=\"https:\/\/www.dentagloss.com\/wp-content\/uploads\/2016\/10\/dt-eren-emren-750x750.jpg\" class=\"attachment-orion_square size-orion_square wp-post-image\" alt=\"\" \/>\t\t\t\t\t\t\t\t<div class=\"overlay\"><\/div>\r\n\t\t\t\t\t\t\t\t\t\t\t\t\t\t<\/div>\r\n\t\t\t\t\t\t\t\t\t\t\t\t\t<\/a>\r\n\t\t\t\t\t\t\t\t\t\t\t\r\n\t\t\t\t<\/header>\t\r\n\t\t\t<div class=\"entry-content vcard text-dark no_bg_color no_border\">\r\n\t\t\t\t<div class=\"basic-info\">\r\n\t\t\t\t\t \r\n\t\t\t\t\t\t<div class=\"departments\">\t\r\n\t\t\t\t\t\t\t \r\n\t\t\t\t\t\t        \t\t\t\t\t\t        \t\t\t\t\t\t\t\t\t\t\r\n\t\t\t\t\t\t\t\t<a class=\"font-3 small category primary-hover primary-color\" href=\"https:\/\/www.dentagloss.com\/de\/department\/dentist\/\">ZAHNARZT<\/a>\r\n\t\t\t\t\t\t        \t\t\t\t\t\t\t\t\t\t\t\t    <\/div>\t\r\n\t\t\t\t    \r\n\t\t\t\t    \t\t\t\t\t\t<a title=\"Dt. Eren EMREN\" class=\"primary-hover\" href=\"https:\/\/www.dentagloss.com\/de\/team-member\/dt-eren-emren\/\"> <h2 class=\"item-title h5 text-dark\"> Dt. Eren EMREN<\/h2>\r\n\t\t\t\t\t\t<\/a>\r\n\t\t\t\t\t\t\t\t\t\r\n\t\t\t\t\t\t\t\t\t\t\t\t\t\t\t\t<div class=\"additional-title small\">\r\n\t\t\t\t\t\t\tPROTHETIK-SPEZIALIST\t\t\t\t\t\t<\/div>\r\n\t\t\t\t\t\r\n\t\t\t\t\t\t\t\t\t<\/div> \r\n\r\n\t\t\t\t\t\r\n\t\t\t<\/div>\r\n\t\t<\/div>\r\n\t\t<\/article>\r\n\t\t\t\t\t\t\t<article class=\"item col-md-12\">\r\n\t\t\t<div class=\"wrap\" style=\"background-color: transparent\">\r\n\t\t\t\t<header class=\"entry-header\" >\r\n\t\t\t\t\t\t\t\t\t\t\t\t\t\t\t\t<a href=\"https:\/\/www.dentagloss.com\/de\/team-member\/dt-sinem-esen\/\" class=\"image-wrap overlay-greyscale overlay-hover-none scale-zoomout orion_circle rounded\">\r\n\t\t\t\t\t\t\t\t\t\t\t\t\t\t<div class=\"circle-wrap\">\r\n\t\t\t\t\t\t\t\t\t\t\t\t\t\t\t<img loading=\"lazy\" decoding=\"async\" width=\"750\" height=\"750\" src=\"https:\/\/www.dentagloss.com\/wp-content\/uploads\/2016\/10\/dtsinemesen-750x750.jpg\" class=\"attachment-orion_square size-orion_square wp-post-image\" alt=\"\" \/>\t\t\t\t\t\t\t\t<div class=\"overlay\"><\/div>\r\n\t\t\t\t\t\t\t\t\t\t\t\t\t\t<\/div>\r\n\t\t\t\t\t\t\t\t\t\t\t\t\t<\/a>\r\n\t\t\t\t\t\t\t\t\t\t\t\r\n\t\t\t\t<\/header>\t\r\n\t\t\t<div class=\"entry-content vcard text-dark no_bg_color no_border\">\r\n\t\t\t\t<div class=\"basic-info\">\r\n\t\t\t\t\t \r\n\t\t\t\t\t\t<div class=\"departments\">\t\r\n\t\t\t\t\t\t\t \r\n\t\t\t\t\t\t        \t\t\t\t\t\t        \t\t\t\t\t\t\t\t\t\t\r\n\t\t\t\t\t\t\t\t<a class=\"font-3 small category primary-hover primary-color\" href=\"https:\/\/www.dentagloss.com\/de\/department\/specialist-dentist\/\">Fachzahnarzt<\/a>\r\n\t\t\t\t\t\t        \t\t\t\t\t\t\t\t\t\t\t\t    <\/div>\t\r\n\t\t\t\t    \r\n\t\t\t\t    \t\t\t\t\t\t<a title=\"Dt. Sinem ESEN\" class=\"primary-hover\" href=\"https:\/\/www.dentagloss.com\/de\/team-member\/dt-sinem-esen\/\"> <h2 class=\"item-title h5 text-dark\"> Dt. Sinem ESEN<\/h2>\r\n\t\t\t\t\t\t<\/a>\r\n\t\t\t\t\t\t\t\t\t\r\n\t\t\t\t\t\t\t\t\t\t\t\t\t\t\t\t<div class=\"additional-title small\">\r\n\t\t\t\t\t\t\tSpezialist f\u00fcr Endodontie\t\t\t\t\t\t<\/div>\r\n\t\t\t\t\t\r\n\t\t\t\t\t\t\t\t\t<\/div> \r\n\r\n\t\t\t\t\t\r\n\t\t\t<\/div>\r\n\t\t<\/div>\r\n\t\t<\/article>\r\n\t\r\n\t\t\t<\/div>\r\n\t\t\t\t\t\r\n\t\t\t\r\n\t\t\r\n\t<\/div>\r\n<\/div>\t\r\n<\/div><\/div><\/div><\/div><\/div><\/div><\/div>","protected":false},"excerpt":{"rendered":"<p>Dentist in Turkey, Each doctors\u2019 expertise is rivaled by their warm approach, lending to our unparalleled patient- focused and centered experience. Our team of 10+ doctors across our various DentaGloss clinic strive to make a lasting impression on each individual patient, as well as the wider community. We believe in the evolution of science and<\/p>","protected":false},"author":1,"featured_media":0,"parent":975,"menu_order":0,"comment_status":"closed","ping_status":"closed","template":"","meta":{"footnotes":""},"class_list":["post-1956","page","type-page","status-publish","hentry"],"yoast_head":"<!-- This site is optimized with the Yoast SEO Premium plugin v21.0 (Yoast SEO v25.1) - https:\/\/yoast.com\/wordpress\/plugins\/seo\/ -->\n<title>Dentist in Turkey - Our Team - DentaGloss - Turkey Dental Centre<\/title>\n<meta name=\"description\" content=\"Dentist in Turkey, Each doctors\u2019 expertise is rivaled by their warm approach, lending to our unparalleled patient...\" \/>\n<meta name=\"robots\" content=\"index, follow, max-snippet:-1, max-image-preview:large, max-video-preview:-1\" \/>\n<link rel=\"canonical\" href=\"https:\/\/www.dentagloss.com\/de\/about-dentagloss-turkey\/dentist-in-turkey\/\" \/>\n<meta property=\"og:locale\" content=\"de_DE\" \/>\n<meta property=\"og:type\" content=\"article\" \/>\n<meta property=\"og:title\" content=\"Our Team\" \/>\n<meta property=\"og:description\" content=\"Dentist in Turkey, Each doctors\u2019 expertise is rivaled by their warm approach, lending to our unparalleled patient...\" \/>\n<meta property=\"og:url\" content=\"https:\/\/www.dentagloss.com\/de\/about-dentagloss-turkey\/dentist-in-turkey\/\" \/>\n<meta property=\"og:site_name\" content=\"DentaGloss - Turkey Dental Centre\" \/>\n<meta property=\"article:publisher\" content=\"https:\/\/www.facebook.com\/dentagloss\" \/>\n<meta property=\"article:modified_time\" content=\"2023-08-22T14:35:16+00:00\" \/>\n<meta property=\"og:image\" content=\"https:\/\/www.dentagloss.com\/wp-content\/uploads\/2023\/07\/cropped-Gloss1PNG.png\" \/>\n\t<meta property=\"og:image:width\" content=\"512\" \/>\n\t<meta property=\"og:image:height\" content=\"512\" \/>\n\t<meta property=\"og:image:type\" content=\"image\/png\" \/>\n<meta name=\"twitter:card\" content=\"summary_large_image\" \/>\n<meta name=\"twitter:label1\" content=\"Gesch\u00e4tzte Lesezeit\" \/>\n\t<meta name=\"twitter:data1\" content=\"1\u00a0Minute\" \/>\n<script type=\"application\/ld+json\" class=\"yoast-schema-graph\">{\"@context\":\"https:\/\/schema.org\",\"@graph\":[{\"@type\":\"WebPage\",\"@id\":\"https:\/\/www.dentagloss.com\/about-dentagloss-turkey\/dentist-in-turkey\/\",\"url\":\"https:\/\/www.dentagloss.com\/about-dentagloss-turkey\/dentist-in-turkey\/\",\"name\":\"Dentist in Turkey - Our Team - DentaGloss - Turkey Dental Centre\",\"isPartOf\":{\"@id\":\"https:\/\/www.dentagloss.com\/#website\"},\"datePublished\":\"2017-05-18T07:32:47+00:00\",\"dateModified\":\"2023-08-22T14:35:16+00:00\",\"description\":\"Dentist in Turkey, Each doctors\u2019 expertise is rivaled by their warm approach, lending to our unparalleled patient...\",\"breadcrumb\":{\"@id\":\"https:\/\/www.dentagloss.com\/about-dentagloss-turkey\/dentist-in-turkey\/#breadcrumb\"},\"inLanguage\":\"de\",\"potentialAction\":[{\"@type\":\"ReadAction\",\"target\":[\"https:\/\/www.dentagloss.com\/about-dentagloss-turkey\/dentist-in-turkey\/\"]}]},{\"@type\":\"BreadcrumbList\",\"@id\":\"https:\/\/www.dentagloss.com\/about-dentagloss-turkey\/dentist-in-turkey\/#breadcrumb\",\"itemListElement\":[{\"@type\":\"ListItem\",\"position\":1,\"name\":\"Home\",\"item\":\"https:\/\/www.dentagloss.com\/\"},{\"@type\":\"ListItem\",\"position\":2,\"name\":\"About\",\"item\":\"https:\/\/www.dentagloss.com\/about-dentagloss-turkey\/\"},{\"@type\":\"ListItem\",\"position\":3,\"name\":\"Our Team\"}]},{\"@type\":\"WebSite\",\"@id\":\"https:\/\/www.dentagloss.com\/#website\",\"url\":\"https:\/\/www.dentagloss.com\/\",\"name\":\"DentaGloss Dental Clinic - Turkey Dental Centre\",\"description\":\"Enjoy dental tourism in Turkey\",\"publisher\":{\"@id\":\"https:\/\/www.dentagloss.com\/#organization\"},\"alternateName\":\"DentaGloss - Turkey Dental Centre\",\"potentialAction\":[{\"@type\":\"SearchAction\",\"target\":{\"@type\":\"EntryPoint\",\"urlTemplate\":\"https:\/\/www.dentagloss.com\/?s={search_term_string}\"},\"query-input\":{\"@type\":\"PropertyValueSpecification\",\"valueRequired\":true,\"valueName\":\"search_term_string\"}}],\"inLanguage\":\"de\"},{\"@type\":\"Organization\",\"@id\":\"https:\/\/www.dentagloss.com\/#organization\",\"name\":\"DentaGloss Dental Clinic - Turkey Dental Centre\",\"alternateName\":\"DentaGloss - Turkey Dental Centre\",\"url\":\"https:\/\/www.dentagloss.com\/\",\"logo\":{\"@type\":\"ImageObject\",\"inLanguage\":\"de\",\"@id\":\"https:\/\/www.dentagloss.com\/#\/schema\/logo\/image\/\",\"url\":\"https:\/\/dentagloss.com\/wp-content\/uploads\/2023\/07\/cropped-Gloss1PNG.png\",\"contentUrl\":\"https:\/\/dentagloss.com\/wp-content\/uploads\/2023\/07\/cropped-Gloss1PNG.png\",\"width\":512,\"height\":512,\"caption\":\"DentaGloss Dental Clinic - Turkey Dental Centre\"},\"image\":{\"@id\":\"https:\/\/www.dentagloss.com\/#\/schema\/logo\/image\/\"},\"sameAs\":[\"https:\/\/www.facebook.com\/dentagloss\",\"https:\/\/www.instagram.com\/dentagloss\/\"],\"publishingPrinciples\":\"https:\/\/www.dentagloss.com\/de\/privacy-policy\/\",\"ownershipFundingInfo\":\"https:\/\/www.dentagloss.com\/about-dentagloss-turkey\/dentist-in-turkey\/\",\"actionableFeedbackPolicy\":\"https:\/\/www.dentagloss.com\/get-a-free-offer\/\",\"correctionsPolicy\":\"https:\/\/www.dentagloss.com\/de\/privacy-policy\/\",\"ethicsPolicy\":\"https:\/\/www.dentagloss.com\/de\/privacy-policy\/\",\"diversityPolicy\":\"https:\/\/www.dentagloss.com\/de\/privacy-policy\/\",\"diversityStaffingReport\":\"https:\/\/www.dentagloss.com\/dental-clinic-contact\/\"}]}<\/script>\n<!-- \/ Yoast SEO Premium plugin. -->","yoast_head_json":{"title":"Dentist in Turkey - Our Team - DentaGloss - Turkey Dental Centre","description":"Dentist in Turkey, Each doctors\u2019 expertise is rivaled by their warm approach, lending to our unparalleled patient...","robots":{"index":"index","follow":"follow","max-snippet":"max-snippet:-1","max-image-preview":"max-image-preview:large","max-video-preview":"max-video-preview:-1"},"canonical":"https:\/\/www.dentagloss.com\/de\/about-dentagloss-turkey\/dentist-in-turkey\/","og_locale":"de_DE","og_type":"article","og_title":"Our Team","og_description":"Dentist in Turkey, Each doctors\u2019 expertise is rivaled by their warm approach, lending to our unparalleled patient...","og_url":"https:\/\/www.dentagloss.com\/de\/about-dentagloss-turkey\/dentist-in-turkey\/","og_site_name":"DentaGloss - Turkey Dental Centre","article_publisher":"https:\/\/www.facebook.com\/dentagloss","article_modified_time":"2023-08-22T14:35:16+00:00","og_image":[{"width":512,"height":512,"url":"https:\/\/www.dentagloss.com\/wp-content\/uploads\/2023\/07\/cropped-Gloss1PNG.png","type":"image\/png"}],"twitter_card":"summary_large_image","twitter_misc":{"Gesch\u00e4tzte Lesezeit":"1\u00a0Minute"},"schema":{"@context":"https:\/\/schema.org","@graph":[{"@type":"WebPage","@id":"https:\/\/www.dentagloss.com\/about-dentagloss-turkey\/dentist-in-turkey\/","url":"https:\/\/www.dentagloss.com\/about-dentagloss-turkey\/dentist-in-turkey\/","name":"Dentist in Turkey - Our Team - DentaGloss - Turkey Dental Centre","isPartOf":{"@id":"https:\/\/www.dentagloss.com\/#website"},"datePublished":"2017-05-18T07:32:47+00:00","dateModified":"2023-08-22T14:35:16+00:00","description":"Dentist in Turkey, Each doctors\u2019 expertise is rivaled by their warm approach, lending to our unparalleled patient...","breadcrumb":{"@id":"https:\/\/www.dentagloss.com\/about-dentagloss-turkey\/dentist-in-turkey\/#breadcrumb"},"inLanguage":"de","potentialAction":[{"@type":"ReadAction","target":["https:\/\/www.dentagloss.com\/about-dentagloss-turkey\/dentist-in-turkey\/"]}]},{"@type":"BreadcrumbList","@id":"https:\/\/www.dentagloss.com\/about-dentagloss-turkey\/dentist-in-turkey\/#breadcrumb","itemListElement":[{"@type":"ListItem","position":1,"name":"Home","item":"https:\/\/www.dentagloss.com\/"},{"@type":"ListItem","position":2,"name":"About","item":"https:\/\/www.dentagloss.com\/about-dentagloss-turkey\/"},{"@type":"ListItem","position":3,"name":"Our Team"}]},{"@type":"WebSite","@id":"https:\/\/www.dentagloss.com\/#website","url":"https:\/\/www.dentagloss.com\/","name":"DentaGloss Dental Clinic - Turkey Dental Centre","description":"Enjoy dental tourism in Turkey","publisher":{"@id":"https:\/\/www.dentagloss.com\/#organization"},"alternateName":"DentaGloss - Turkey Dental Centre","potentialAction":[{"@type":"SearchAction","target":{"@type":"EntryPoint","urlTemplate":"https:\/\/www.dentagloss.com\/?s={search_term_string}"},"query-input":{"@type":"PropertyValueSpecification","valueRequired":true,"valueName":"search_term_string"}}],"inLanguage":"de"},{"@type":"Organization","@id":"https:\/\/www.dentagloss.com\/#organization","name":"DentaGloss Dental Clinic - Turkey Dental Centre","alternateName":"DentaGloss - Turkey Dental Centre","url":"https:\/\/www.dentagloss.com\/","logo":{"@type":"ImageObject","inLanguage":"de","@id":"https:\/\/www.dentagloss.com\/#\/schema\/logo\/image\/","url":"https:\/\/dentagloss.com\/wp-content\/uploads\/2023\/07\/cropped-Gloss1PNG.png","contentUrl":"https:\/\/dentagloss.com\/wp-content\/uploads\/2023\/07\/cropped-Gloss1PNG.png","width":512,"height":512,"caption":"DentaGloss Dental Clinic - Turkey Dental Centre"},"image":{"@id":"https:\/\/www.dentagloss.com\/#\/schema\/logo\/image\/"},"sameAs":["https:\/\/www.facebook.com\/dentagloss","https:\/\/www.instagram.com\/dentagloss\/"],"publishingPrinciples":"https:\/\/www.dentagloss.com\/de\/privacy-policy\/","ownershipFundingInfo":"https:\/\/www.dentagloss.com\/about-dentagloss-turkey\/dentist-in-turkey\/","actionableFeedbackPolicy":"https:\/\/www.dentagloss.com\/get-a-free-offer\/","correctionsPolicy":"https:\/\/www.dentagloss.com\/de\/privacy-policy\/","ethicsPolicy":"https:\/\/www.dentagloss.com\/de\/privacy-policy\/","diversityPolicy":"https:\/\/www.dentagloss.com\/de\/privacy-policy\/","diversityStaffingReport":"https:\/\/www.dentagloss.com\/dental-clinic-contact\/"}]}},"_links":{"self":[{"href":"https:\/\/www.dentagloss.com\/de\/wp-json\/wp\/v2\/pages\/1956","targetHints":{"allow":["GET"]}}],"collection":[{"href":"https:\/\/www.dentagloss.com\/de\/wp-json\/wp\/v2\/pages"}],"about":[{"href":"https:\/\/www.dentagloss.com\/de\/wp-json\/wp\/v2\/types\/page"}],"author":[{"embeddable":true,"href":"https:\/\/www.dentagloss.com\/de\/wp-json\/wp\/v2\/users\/1"}],"replies":[{"embeddable":true,"href":"https:\/\/www.dentagloss.com\/de\/wp-json\/wp\/v2\/comments?post=1956"}],"version-history":[{"count":22,"href":"https:\/\/www.dentagloss.com\/de\/wp-json\/wp\/v2\/pages\/1956\/revisions"}],"predecessor-version":[{"id":3895,"href":"https:\/\/www.dentagloss.com\/de\/wp-json\/wp\/v2\/pages\/1956\/revisions\/3895"}],"up":[{"embeddable":true,"href":"https:\/\/www.dentagloss.com\/de\/wp-json\/wp\/v2\/pages\/975"}],"wp:attachment":[{"href":"https:\/\/www.dentagloss.com\/de\/wp-json\/wp\/v2\/media?parent=1956"}],"curies":[{"name":"wp","href":"https:\/\/api.w.org\/{rel}","templated":true}]}}