{"id":2052,"date":"2017-05-18T12:06:37","date_gmt":"2017-05-18T12:06:37","guid":{"rendered":"http:\/\/dentalia.orionthemes.com\/new-demos\/demo-1\/?page_id=2052"},"modified":"2023-11-22T10:42:54","modified_gmt":"2023-11-22T10:42:54","slug":"dental-clinic-contact","status":"publish","type":"page","link":"https:\/\/www.dentagloss.com\/de\/dental-clinic-contact\/","title":{"rendered":"Kontakt"},"content":{"rendered":"<div id=\"pl-2052\"  class=\"panel-layout\" ><div id=\"pg-2052-0\"  class=\"panel-grid panel-has-style\" ><div class=\"siteorigin-panels-stretch divider-no-animation tablet-1-in-row mobile-1-in-row desktop-default full-width-on-small-devices full-width-on-tablets custom bg-cover-golden panel-row-style panel-row-style-for-2052-0\" data-stretch-type=\"full\" ><div id=\"pgc-2052-0-0\"  class=\"panel-grid-cell panel-grid-cell-mobile-last\" ><div class=\"overlay-light custom panel-cell-style panel-cell-style-for-2052-0-0\" ><div id=\"panel-2052-0-0-0\" class=\"so-panel widget widget_orion_heading_w panel-first-child\" data-index=\"0\" ><div class=\"orion custom mobile-text-center default panel-widget-style panel-widget-style-for-2052-0-0-0\" ><div\n\t\t\t\n\t\t\tclass=\"so-widget-orion_heading_w so-widget-orion_heading_w-base\"\n\t\t\t\n\t\t> \r\n\t\t\t<div class=\"row orion-heading\" style=\"margin-bottom:0px;\">\r\n\t\t<div class=\"col-md-12  separator-style-2 text-left style-h2 style-tertiary-color\">\r\n\t\t\t<h2 class=\"tertiary-color\">\r\n\t\t\t\tRufen Sie uns An!\t\t\t<\/h2>\r\n\t\t<\/div>\r\n\t<\/div>\r\n\r\n\t<\/div><\/div><\/div><div id=\"panel-2052-0-0-1\" class=\"so-panel widget widget_orion_heading_w\" data-index=\"1\" ><div class=\"orion custom mobile-text-center default panel-widget-style panel-widget-style-for-2052-0-0-1\" ><div\n\t\t\t\n\t\t\tclass=\"so-widget-orion_heading_w so-widget-orion_heading_w-base\"\n\t\t\t\n\t\t> \r\n\t\t\t<div class=\"row orion-heading\" style=\"margin-bottom:0px;\">\r\n\t\t<div class=\"col-md-12   text-left style-h3 style-tertiary-color\">\r\n\t\t\t<h3 class=\"tertiary-color translation-block\">Rufen Sie +90 542 153 37 07 an, um das L\u00e4cheln Ihrer Tr\u00e4ume zu bekommen!<\/h3>\r\n\t\t<\/div>\r\n\t<\/div>\r\n\r\n\t<\/div><\/div><\/div><div id=\"panel-2052-0-0-2\" class=\"so-panel widget widget_orion_button_w panel-last-child\" data-index=\"2\" ><div class=\"orion custom mobile-text-center default panel-widget-style panel-widget-style-for-2052-0-0-2\" ><div\n\t\t\t\n\t\t\tclass=\"so-widget-orion_button_w so-widget-orion_button_w-base\"\n\t\t\t\n\t\t>\r\n\t\t\t<a class=\"btn btn-c1 icon-right btn-flat btn-md\"  href=\"#contact-form\">\r\n\t\t\tAngebot<span class=\"sow-icon-fontawesome sow-fas\" data-sow-icon=\"&#xf073;\"\n\t\tstyle=\"\" \n\t\taria-hidden=\"true\"><\/span>\t\t\r\n\t\t<\/a>\r\n\t\r\n\r\n\r\n\r\n<\/div><\/div><\/div><\/div><\/div><div id=\"pgc-2052-0-1\"  class=\"panel-grid-cell panel-grid-cell-empty\" ><\/div><\/div><\/div><div id=\"pg-2052-1\"  class=\"panel-grid panel-has-style\" ><div class=\"divider-no-animation tablet-1-in-row mobile-1-in-row desktop-default overlay-light custom panel-row-style panel-row-style-for-2052-1\" style=\"background-position: center center; background-repeat: no-repeat; background-size:cover;\" ><div id=\"pgc-2052-1-0\"  class=\"panel-grid-cell\" ><div class=\"overlay-c2 panel-cell-style panel-cell-style-for-2052-1-0\" ><div id=\"panel-2052-1-0-0\" class=\"so-panel widget widget_sow-editor panel-first-child\" data-index=\"3\" ><div class=\"orion custom text-light panel-widget-style panel-widget-style-for-2052-1-0-0\" ><div\n\t\t\t\n\t\t\tclass=\"so-widget-sow-editor so-widget-sow-editor-base\"\n\t\t\t\n\t\t>\n<div class=\"siteorigin-widget-tinymce textwidget\">\n\t<p><a href=\"https:\/\/www.google.com\/maps\/place\/\/@38.95682,35.174414,6z\/data=!3m1!4b1?entry=ttu\"><\/p>\n<h6><strong>DentaGloss<\/strong><\/h6>\n<p>Addresse: G\u00fczeloba, Bar\u0131naklar Blv.No:130\/B, 07230Muratpa\u015fa\/Antalya<\/a><\/p>\n<\/div>\n<\/div><\/div><\/div><div id=\"panel-2052-1-0-1\" class=\"so-panel widget widget_orion_dividers_w\" data-index=\"4\" ><div class=\"orion default panel-widget-style panel-widget-style-for-2052-1-0-1\" ><div\n\t\t\t\n\t\t\tclass=\"so-widget-orion_dividers_w so-widget-orion_dividers_w-base\"\n\t\t\t\n\t\t>\t<hr style=\"border-top-width:2px; border-top-color:rgba(242,242,242,0.2); border-style: solid; width: 100%;  margin-top:10px;\"><\/div><\/div><\/div><div id=\"panel-2052-1-0-2\" class=\"so-panel widget widget_sow-editor\" data-index=\"5\" ><div class=\"orion custom text-light panel-widget-style panel-widget-style-for-2052-1-0-2\" ><div\n\t\t\t\n\t\t\tclass=\"so-widget-sow-editor so-widget-sow-editor-base\"\n\t\t\t\n\t\t>\n<div class=\"siteorigin-widget-tinymce textwidget\">\n\t<h6><strong>Kontaktieren Sie uns!<\/strong><\/h6>\n<p>+90 542 153 37 07<\/p>\n<\/div>\n<\/div><\/div><\/div><div id=\"panel-2052-1-0-3\" class=\"so-panel widget widget_orion_dividers_w\" data-index=\"6\" ><div class=\"orion default panel-widget-style panel-widget-style-for-2052-1-0-3\" ><div\n\t\t\t\n\t\t\tclass=\"so-widget-orion_dividers_w so-widget-orion_dividers_w-base\"\n\t\t\t\n\t\t>\t<hr style=\"border-top-width:2px; border-top-color:rgba(242,242,242,0.2); border-style: solid; width: 100%;  margin-top:10px;\"><\/div><\/div><\/div><div id=\"panel-2052-1-0-4\" class=\"so-panel widget widget_orion_icon_w panel-last-child\" data-index=\"7\" ><div class=\"orion custom text-light panel-widget-style panel-widget-style-for-2052-1-0-4\" ><div\n\t\t\t\n\t\t\tclass=\"so-widget-orion_icon_w so-widget-orion_icon_w-base\"\n\t\t\t\n\t\t><div class=\"row icon-row\">\r\n\r\n\t\t<div class=\"icon wrapper col-md-12\">\r\n\t\t\r\n\t\t\t\t\t\t\r\n\t\t\t\t\t\r\n\t\t\t\t\t\t<a href=\"https:\/\/www.instagram.com\/dentagloss\/\" class=\"btn btn-icon btn-flat btn btn-c1 btn-md btn-round #ffffff\" target=\"_blank\" style=\"margin-right:6px\">\r\n\t\t\t\t<span class=\"sow-icon-icomoon\" data-sow-icon=\"&#xea92;\"\n\t\tstyle=\"color:#ffffff\" \n\t\taria-hidden=\"true\"><\/span>\t\t\t<\/a>\r\n\t\t\t\t\t\r\n\t\t\t\t\t\t\r\n\t\t\t\t\t\r\n\t\t\t\t\t\t<a href=\"https:\/\/www.facebook.com\/dentagloss\" class=\"btn btn-icon btn-flat btn btn-c1 btn-md btn-round #ffffff\" target=\"_blank\" style=\"margin-right:6px\">\r\n\t\t\t\t<span class=\"sow-icon-genericons\" data-sow-icon=\"&#xf204;\"\n\t\tstyle=\"color:#ffffff\" \n\t\taria-hidden=\"true\"><\/span>\t\t\t<\/a>\r\n\t\t\t\t\t\r\n\t\t\t\t\t\t\r\n\t\t\t\t\t\r\n\t\t\t\t\t\t<a href=\"https:\/\/www.youtube.com\/@DentaGloss\" class=\"btn btn-icon btn-flat btn btn-c1 btn-md btn-round #ffffff\" target=\"_blank\" style=\"margin-right:6px\">\r\n\t\t\t\t<span class=\"sow-icon-icomoon\" data-sow-icon=\"&#xea9d;\"\n\t\tstyle=\"color:#ffffff\" \n\t\taria-hidden=\"true\"><\/span>\t\t\t<\/a>\r\n\t\t\t\t\t\t<\/div>\r\n<\/div><\/div><\/div><\/div><\/div><\/div><div id=\"pgc-2052-1-1\"  class=\"panel-grid-cell\" ><div id=\"panel-2052-1-1-0\" class=\"so-panel widget widget_orion_empty_space_w panel-first-child\" data-index=\"8\" ><div class=\"orion custom default panel-widget-style panel-widget-style-for-2052-1-1-0\" ><div\n\t\t\t\n\t\t\tclass=\"so-widget-orion_empty_space_w so-widget-orion_empty_space_w-base\"\n\t\t\t\n\t\t>\t<div class=\"row empty-space visible-sm visible-xs\" style=\"height:30px;\">\r\n\t<\/div><\/div><\/div><\/div><div id=\"panel-2052-1-1-1\" class=\"so-panel widget widget_orion_working_hours_w\" data-index=\"9\" ><div class=\"orion custom default panel-widget-style panel-widget-style-for-2052-1-1-1\" ><div\n\t\t\t\n\t\t\tclass=\"so-widget-orion_working_hours_w so-widget-orion_working_hours_w-base\"\n\t\t\t\n\t\t><div class=\"row working-hours-wrap text-default has_border has_borders\">\r\n\t\t\r\n\t\t\t<div class=\"col-md-12 has_padding\">\r\n\t\t<div class=\"content-wrap col-xs-12\" style=\"background:rgba(255,255,255,1)\">\r\n\t\t\r\n\t\t\t\r\n\t\t\t\t\r\n\t\t\t\t\t\t\t\t<div class=\"row working-day\">\r\n\t\t\t\t\t<div class=\"col-xs-6 day\" > \r\n\t\t\t\t\t\tSonntag\t\t\t\t\t<\/div>\r\n\t\t\t\t\t<div class=\"col-xs-6 hours text-right\" > \r\n\t\t\t\t\t\tCLOSED\t\t\t\t\t<\/div>\r\n\t\t\t\t\t<span class=\"border\"><\/span>\t\t\t\t<\/div>\t\t\r\n\t\t\t\t\t\t\t\t\r\n\t\t\t\t\r\n\t\t\t\t\t\t\t\t<div class=\"row working-day\">\r\n\t\t\t\t\t<div class=\"col-xs-6 day\" > \r\n\t\t\t\t\t\tMontag\t\t\t\t\t<\/div>\r\n\t\t\t\t\t<div class=\"col-xs-6 hours text-right\" > \r\n\t\t\t\t\t\t09:00 - 18:30\t\t\t\t\t<\/div>\r\n\t\t\t\t\t<span class=\"border\"><\/span>\t\t\t\t<\/div>\t\t\r\n\t\t\t\t\t\t\t\t\r\n\t\t\t\t\r\n\t\t\t\t\t\t\t\t<div class=\"row working-day\">\r\n\t\t\t\t\t<div class=\"col-xs-6 day current-day primary-color\" > \r\n\t\t\t\t\t\tDienstag\t\t\t\t\t<\/div>\r\n\t\t\t\t\t<div class=\"col-xs-6 hours text-right current-day primary-color\" > \r\n\t\t\t\t\t\t09:00 - 18:30\t\t\t\t\t<\/div>\r\n\t\t\t\t\t<span class=\"border\"><\/span>\t\t\t\t<\/div>\t\t\r\n\t\t\t\t\t\t\t\t\r\n\t\t\t\t\r\n\t\t\t\t\t\t\t\t<div class=\"row working-day\">\r\n\t\t\t\t\t<div class=\"col-xs-6 day\" > \r\n\t\t\t\t\t\tMittwoch\t\t\t\t\t<\/div>\r\n\t\t\t\t\t<div class=\"col-xs-6 hours text-right\" > \r\n\t\t\t\t\t\t09:00 - 18:30\t\t\t\t\t<\/div>\r\n\t\t\t\t\t<span class=\"border\"><\/span>\t\t\t\t<\/div>\t\t\r\n\t\t\t\t\t\t\t\t\r\n\t\t\t\t\r\n\t\t\t\t\t\t\t\t<div class=\"row working-day\">\r\n\t\t\t\t\t<div class=\"col-xs-6 day\" > \r\n\t\t\t\t\t\tDonnerstag\t\t\t\t\t<\/div>\r\n\t\t\t\t\t<div class=\"col-xs-6 hours text-right\" > \r\n\t\t\t\t\t\t09:00 - 18:30\t\t\t\t\t<\/div>\r\n\t\t\t\t\t<span class=\"border\"><\/span>\t\t\t\t<\/div>\t\t\r\n\t\t\t\t\t\t\t\t\r\n\t\t\t\t\r\n\t\t\t\t\t\t\t\t<div class=\"row working-day\">\r\n\t\t\t\t\t<div class=\"col-xs-6 day\" > \r\n\t\t\t\t\t\tFreitag\t\t\t\t\t<\/div>\r\n\t\t\t\t\t<div class=\"col-xs-6 hours text-right\" > \r\n\t\t\t\t\t\t09:00 - 18:30\t\t\t\t\t<\/div>\r\n\t\t\t\t\t<span class=\"border\"><\/span>\t\t\t\t<\/div>\t\t\r\n\t\t\t\t\t\t\t\t\r\n\t\t\t\t\r\n\t\t\t\t\t\t\t\t<div class=\"row working-day\">\r\n\t\t\t\t\t<div class=\"col-xs-6 day\" > \r\n\t\t\t\t\t\tSamstag\t\t\t\t\t<\/div>\r\n\t\t\t\t\t<div class=\"col-xs-6 hours text-right\" > \r\n\t\t\t\t\t\t09:00 - 18:30\t\t\t\t\t<\/div>\r\n\t\t\t\t\t<span class=\"border\"><\/span>\t\t\t\t<\/div>\t\t\r\n\t\t\t\t\t\t\t\t\r\n\t\t\t\t\r\n\t\t\t\t\t\t\t\t<div class=\"row working-day\">\r\n\t\t\t\t\t<div class=\"col-xs-6 day\" > \r\n\t\t\t\t\t\tMittagspause\t\t\t\t\t<\/div>\r\n\t\t\t\t\t<div class=\"col-xs-6 hours text-right\" > \r\n\t\t\t\t\t\t12:00\t\t\t\t\t<\/div>\r\n\t\t\t\t\t<span class=\"border\"><\/span>\t\t\t\t<\/div>\t\t\r\n\t\t\t\t\t\t\t\t<\/div>\r\n\t\t\t<\/div>\r\n\t\t\r\n<\/div><\/div><\/div><\/div><div id=\"panel-2052-1-1-2\" class=\"so-panel widget widget_orion_empty_space_w panel-last-child\" data-index=\"10\" ><div class=\"orion custom default panel-widget-style panel-widget-style-for-2052-1-1-2\" ><div\n\t\t\t\n\t\t\tclass=\"so-widget-orion_empty_space_w so-widget-orion_empty_space_w-base\"\n\t\t\t\n\t\t>\t<div class=\"row empty-space visible-sm visible-xs\" style=\"height:30px;\">\r\n\t<\/div><\/div><\/div><\/div><\/div><div id=\"pgc-2052-1-2\"  class=\"panel-grid-cell\" ><div id=\"panel-2052-1-2-0\" class=\"widget_text so-panel widget widget_custom_html panel-first-child panel-last-child\" data-index=\"11\" ><div class=\"widget_text orion custom default panel-widget-style panel-widget-style-for-2052-1-2-0\" ><div class=\"textwidget custom-html-widget\"><iframe src=\"https:\/\/www.google.com\/maps\/embed?pb=!1m23!1m12!1m3!1d102122.55781509964!2d30.641253603309742!3d36.882454654750006!2m3!1f0!2f0!3f0!3m2!1i1024!2i768!4f13.1!4m8!3e6!4m0!4m5!1s0x14c39b1c14b3fd57%3A0x568b4bf6bec76dfd!2sdentag%20gloss!3m2!1d36.8562927!2d30.783666099999998!5e0!3m2!1str!2str!4v1700649718328!5m2!1str!2str\" width=\"600\" height=\"420\" style=\"border:0;\" allowfullscreen=\"\" loading=\"lazy\" referrerpolicy=\"no-referrer-when-downgrade\"><\/iframe><\/div><\/div><\/div><\/div><\/div><\/div><div id=\"pg-2052-2\"  class=\"panel-grid panel-has-style\" ><div class=\"siteorigin-panels-stretch divider-no-animation tablet-1-in-row mobile-1-in-row desktop-default overlay-c2-c1 custom panel-row-style panel-row-style-for-2052-2\" id=\"contact-form\" data-stretch-type=\"full\" ><div id=\"pgc-2052-2-0\"  class=\"panel-grid-cell panel-grid-cell-empty\" ><\/div><div id=\"pgc-2052-2-1\"  class=\"panel-grid-cell panel-grid-cell-mobile-last\" ><div id=\"panel-2052-2-1-0\" class=\"so-panel widget widget_sow-editor panel-first-child\" data-index=\"12\" ><div class=\"orion custom text-light panel-widget-style panel-widget-style-for-2052-2-1-0\" ><div\n\t\t\t\n\t\t\tclass=\"so-widget-sow-editor so-widget-sow-editor-base\"\n\t\t\t\n\t\t>\n<div class=\"siteorigin-widget-tinymce textwidget\">\n\t<h2 style=\"text-align: center;\">ANGEBOT<\/h2>\n<p style=\"text-align: center;\" class=\"translation-block\">Bitte laden Sie Fotos Ihrer Z\u00e4hne , damit wir Ihnen die Gesamtkosten f\u00fcr Ihren Behandlung genau mitteilen k\u00f6nnen. Ihre Zahnfotos werden von unseren Fach\u00e4rzten \u00fcberpr\u00fcft und Sie werden \u00fcber die Gesamtkosten Ihrer Behandlung informiert. Wenn Sie einen zahn\u00e4rztlichen Notfall haben, rufen Sie bitte +90 542 153 37 07 an.<\/p>\n<\/div>\n<\/div><\/div><\/div><div id=\"panel-2052-2-1-1\" class=\"so-panel widget widget_orion_cf7_w panel-last-child\" data-index=\"13\" ><div class=\"orion custom default panel-widget-style panel-widget-style-for-2052-2-1-1\" ><div\n\t\t\t\n\t\t\tclass=\"so-widget-orion_cf7_w so-widget-orion_cf7_w-base\"\n\t\t\t\n\t\t>\n<div class=\"wpcf7 no-js\" id=\"wpcf7-f471-o1\" lang=\"en-US\" dir=\"ltr\" data-wpcf7-id=\"471\">\n<div class=\"screen-reader-response\"><p role=\"status\" aria-live=\"polite\" aria-atomic=\"true\"><\/p> <ul><\/ul><\/div>\n<form action=\"\/de\/wp-json\/wp\/v2\/pages\/2052#wpcf7-f471-o1\" method=\"post\" class=\"wpcf7-form init\" aria-label=\"Contact form\" enctype=\"multipart\/form-data\" novalidate=\"novalidate\" data-status=\"init\" data-trp-original-action=\"\/de\/wp-json\/wp\/v2\/pages\/2052#wpcf7-f471-o1\">\n<div style=\"display: none;\">\n<input type=\"hidden\" name=\"_wpcf7\" value=\"471\" \/>\n<input type=\"hidden\" name=\"_wpcf7_version\" value=\"6.0.6\" \/>\n<input type=\"hidden\" name=\"_wpcf7_locale\" value=\"en_US\" \/>\n<input type=\"hidden\" name=\"_wpcf7_unit_tag\" value=\"wpcf7-f471-o1\" \/>\n<input type=\"hidden\" name=\"_wpcf7_container_post\" value=\"0\" \/>\n<input type=\"hidden\" name=\"_wpcf7_posted_data_hash\" value=\"\" \/>\n<\/div>\n<div class=\"cf7-form row\">\n\t<div class=\"col-md-6 name\">\n\t\t<p><span class=\"wpcf7-form-control-wrap\" data-name=\"text-name\"><input size=\"40\" maxlength=\"400\" class=\"wpcf7-form-control wpcf7-text wpcf7-validates-as-required\" aria-required=\"true\" aria-invalid=\"false\" placeholder=\"Name - Surname\" value=\"\" type=\"text\" name=\"text-name\" \/><\/span>\n\t\t<\/p>\n\t<\/div>\n\t<div class=\"col-md-6 phone\">\n\t\t<p><span class=\"wpcf7-form-control-wrap\" data-name=\"text-phone\"><input size=\"40\" maxlength=\"400\" class=\"wpcf7-form-control wpcf7-text wpcf7-validates-as-required\" aria-required=\"true\" aria-invalid=\"false\" placeholder=\"Telefon Nummer\" value=\"\" type=\"text\" name=\"text-phone\" \/><\/span>\n\t\t<\/p>\n\t<\/div>\n\t<div class=\"col-md-6 email\">\n\t\t<p><span class=\"wpcf7-form-control-wrap\" data-name=\"email-777\"><input size=\"40\" maxlength=\"400\" class=\"wpcf7-form-control wpcf7-email wpcf7-validates-as-required wpcf7-text wpcf7-validates-as-email\" aria-required=\"true\" aria-invalid=\"false\" placeholder=\"E-Mail Addresse\" value=\"\" type=\"email\" name=\"email-777\" \/><\/span>\n\t\t<\/p>\n\t<\/div>\n\t<div class=\"col-md-12\">\n\t\t<p><span class=\"wpcf7-form-control-wrap\" data-name=\"textarea-notes\"><textarea cols=\"40\" rows=\"10\" maxlength=\"2000\" class=\"wpcf7-form-control wpcf7-textarea\" aria-invalid=\"false\" placeholder=\"Noten f\u00fcr den Arzt\" name=\"textarea-notes\"><\/textarea><\/span>\n\t\t<\/p>\n\t<\/div>\n\t<div class=\"col-md-6 time\">\n\t\t<p><span class=\"wpcf7-form-control-wrap\" data-name=\"file-771\"><input size=\"40\" class=\"wpcf7-form-control wpcf7-file\" accept=\"audio\/*,video\/*,image\/*\" aria-invalid=\"false\" type=\"file\" name=\"file-771\" \/><\/span>\n\t\t<\/p>\n\t<\/div>\n\t<div class=\"col-md-6 time\">\n\t\t<p><span class=\"wpcf7-form-control-wrap\" data-name=\"quiz-371\"><label><span class=\"wpcf7-quiz-label\">1+1=?<\/span> <input size=\"40\" class=\"wpcf7-form-control wpcf7-quiz\" autocomplete=\"off\" aria-required=\"true\" aria-invalid=\"false\" type=\"text\" name=\"quiz-371\" \/><\/label><input type=\"hidden\" name=\"_wpcf7_quiz_answer_quiz-371\" value=\"7e2e33941a8efc2bd889902111d26dd3\" \/><\/span>\n\t\t<\/p>\n\t<\/div>\n\t<div class=\"col-md-12 text-center\">\n\t\t<p><input class=\"wpcf7-form-control wpcf7-submit has-spinner btn btn-c1 btn-lg\" type=\"submit\" value=\"ANGEBOT\" \/>\n\t\t<\/p>\n\t<\/div>\n<\/div><div class=\"wpcf7-response-output\" aria-hidden=\"true\"><\/div>\n<input type=\"hidden\" name=\"trp-form-language\" value=\"de\"\/><\/form>\n<\/div>\n<\/div><\/div><\/div><\/div><div id=\"pgc-2052-2-2\"  class=\"panel-grid-cell panel-grid-cell-empty\" ><\/div><\/div><\/div><\/div>","protected":false},"excerpt":{"rendered":"<p>DentaGlossG\u00fczeloba, Bar\u0131naklar Blv.No:130\/B, 07230Muratpa\u015fa\/Antalya Contact Us! +90 542 153 37 07<\/p>","protected":false},"author":1,"featured_media":0,"parent":0,"menu_order":0,"comment_status":"closed","ping_status":"closed","template":"","meta":{"footnotes":""},"class_list":["post-2052","page","type-page","status-publish","hentry"],"yoast_head":"<!-- This site is optimized with the Yoast SEO Premium plugin v21.0 (Yoast SEO v25.1) - https:\/\/yoast.com\/wordpress\/plugins\/seo\/ -->\n<title>Dental Clinic Contact - DentaGloss - Turkey Dental Centre<\/title>\n<meta name=\"description\" content=\"Dental Clinic Contact. Please upload photos of your teeth so that we can tell you exactly the total cost of your dental treatment.\" \/>\n<meta name=\"robots\" content=\"index, follow, max-snippet:-1, max-image-preview:large, max-video-preview:-1\" \/>\n<link rel=\"canonical\" href=\"https:\/\/www.dentagloss.com\/de\/dental-clinic-contact\/\" \/>\n<meta property=\"og:locale\" content=\"de_DE\" \/>\n<meta property=\"og:type\" content=\"article\" \/>\n<meta property=\"og:title\" content=\"Contact\" \/>\n<meta property=\"og:description\" content=\"Dental Clinic Contact. Please upload photos of your teeth so that we can tell you exactly the total cost of your dental treatment.\" \/>\n<meta property=\"og:url\" content=\"https:\/\/www.dentagloss.com\/de\/dental-clinic-contact\/\" \/>\n<meta property=\"og:site_name\" content=\"DentaGloss - Turkey Dental Centre\" \/>\n<meta property=\"article:publisher\" content=\"https:\/\/www.facebook.com\/dentagloss\" \/>\n<meta property=\"article:modified_time\" content=\"2023-11-22T10:42:54+00:00\" \/>\n<meta property=\"og:image\" content=\"https:\/\/www.dentagloss.com\/wp-content\/uploads\/2023\/07\/cropped-Gloss1PNG.png\" \/>\n\t<meta property=\"og:image:width\" content=\"512\" \/>\n\t<meta property=\"og:image:height\" content=\"512\" \/>\n\t<meta property=\"og:image:type\" content=\"image\/png\" \/>\n<meta name=\"twitter:card\" content=\"summary_large_image\" \/>\n<meta name=\"twitter:label1\" content=\"Gesch\u00e4tzte Lesezeit\" \/>\n\t<meta name=\"twitter:data1\" content=\"1\u00a0Minute\" \/>\n<script type=\"application\/ld+json\" class=\"yoast-schema-graph\">{\"@context\":\"https:\/\/schema.org\",\"@graph\":[{\"@type\":\"WebPage\",\"@id\":\"https:\/\/www.dentagloss.com\/dental-clinic-contact\/\",\"url\":\"https:\/\/www.dentagloss.com\/dental-clinic-contact\/\",\"name\":\"Dental Clinic Contact - DentaGloss - Turkey Dental Centre\",\"isPartOf\":{\"@id\":\"https:\/\/www.dentagloss.com\/#website\"},\"datePublished\":\"2017-05-18T12:06:37+00:00\",\"dateModified\":\"2023-11-22T10:42:54+00:00\",\"description\":\"Dental Clinic Contact. Please upload photos of your teeth so that we can tell you exactly the total cost of your dental treatment.\",\"breadcrumb\":{\"@id\":\"https:\/\/www.dentagloss.com\/dental-clinic-contact\/#breadcrumb\"},\"inLanguage\":\"de\",\"potentialAction\":[{\"@type\":\"ReadAction\",\"target\":[\"https:\/\/www.dentagloss.com\/dental-clinic-contact\/\"]}]},{\"@type\":\"BreadcrumbList\",\"@id\":\"https:\/\/www.dentagloss.com\/dental-clinic-contact\/#breadcrumb\",\"itemListElement\":[{\"@type\":\"ListItem\",\"position\":1,\"name\":\"Home\",\"item\":\"https:\/\/www.dentagloss.com\/\"},{\"@type\":\"ListItem\",\"position\":2,\"name\":\"Contact\"}]},{\"@type\":\"WebSite\",\"@id\":\"https:\/\/www.dentagloss.com\/#website\",\"url\":\"https:\/\/www.dentagloss.com\/\",\"name\":\"DentaGloss Dental Clinic - Turkey Dental Centre\",\"description\":\"Enjoy dental tourism in Turkey\",\"publisher\":{\"@id\":\"https:\/\/www.dentagloss.com\/#organization\"},\"alternateName\":\"DentaGloss - Turkey Dental Centre\",\"potentialAction\":[{\"@type\":\"SearchAction\",\"target\":{\"@type\":\"EntryPoint\",\"urlTemplate\":\"https:\/\/www.dentagloss.com\/?s={search_term_string}\"},\"query-input\":{\"@type\":\"PropertyValueSpecification\",\"valueRequired\":true,\"valueName\":\"search_term_string\"}}],\"inLanguage\":\"de\"},{\"@type\":\"Organization\",\"@id\":\"https:\/\/www.dentagloss.com\/#organization\",\"name\":\"DentaGloss Dental Clinic - Turkey Dental Centre\",\"alternateName\":\"DentaGloss - Turkey Dental Centre\",\"url\":\"https:\/\/www.dentagloss.com\/\",\"logo\":{\"@type\":\"ImageObject\",\"inLanguage\":\"de\",\"@id\":\"https:\/\/www.dentagloss.com\/#\/schema\/logo\/image\/\",\"url\":\"https:\/\/dentagloss.com\/wp-content\/uploads\/2023\/07\/cropped-Gloss1PNG.png\",\"contentUrl\":\"https:\/\/dentagloss.com\/wp-content\/uploads\/2023\/07\/cropped-Gloss1PNG.png\",\"width\":512,\"height\":512,\"caption\":\"DentaGloss Dental Clinic - Turkey Dental Centre\"},\"image\":{\"@id\":\"https:\/\/www.dentagloss.com\/#\/schema\/logo\/image\/\"},\"sameAs\":[\"https:\/\/www.facebook.com\/dentagloss\",\"https:\/\/www.instagram.com\/dentagloss\/\"],\"publishingPrinciples\":\"https:\/\/www.dentagloss.com\/de\/privacy-policy\/\",\"ownershipFundingInfo\":\"https:\/\/www.dentagloss.com\/about-dentagloss-turkey\/dentist-in-turkey\/\",\"actionableFeedbackPolicy\":\"https:\/\/www.dentagloss.com\/get-a-free-offer\/\",\"correctionsPolicy\":\"https:\/\/www.dentagloss.com\/de\/privacy-policy\/\",\"ethicsPolicy\":\"https:\/\/www.dentagloss.com\/de\/privacy-policy\/\",\"diversityPolicy\":\"https:\/\/www.dentagloss.com\/de\/privacy-policy\/\",\"diversityStaffingReport\":\"https:\/\/www.dentagloss.com\/dental-clinic-contact\/\"}]}<\/script>\n<!-- \/ Yoast SEO Premium plugin. -->","yoast_head_json":{"title":"Dental Clinic Contact - DentaGloss - Turkey Dental Centre","description":"Dental Clinic Contact. Please upload photos of your teeth so that we can tell you exactly the total cost of your dental treatment.","robots":{"index":"index","follow":"follow","max-snippet":"max-snippet:-1","max-image-preview":"max-image-preview:large","max-video-preview":"max-video-preview:-1"},"canonical":"https:\/\/www.dentagloss.com\/de\/dental-clinic-contact\/","og_locale":"de_DE","og_type":"article","og_title":"Contact","og_description":"Dental Clinic Contact. Please upload photos of your teeth so that we can tell you exactly the total cost of your dental treatment.","og_url":"https:\/\/www.dentagloss.com\/de\/dental-clinic-contact\/","og_site_name":"DentaGloss - Turkey Dental Centre","article_publisher":"https:\/\/www.facebook.com\/dentagloss","article_modified_time":"2023-11-22T10:42:54+00:00","og_image":[{"width":512,"height":512,"url":"https:\/\/www.dentagloss.com\/wp-content\/uploads\/2023\/07\/cropped-Gloss1PNG.png","type":"image\/png"}],"twitter_card":"summary_large_image","twitter_misc":{"Gesch\u00e4tzte Lesezeit":"1\u00a0Minute"},"schema":{"@context":"https:\/\/schema.org","@graph":[{"@type":"WebPage","@id":"https:\/\/www.dentagloss.com\/dental-clinic-contact\/","url":"https:\/\/www.dentagloss.com\/dental-clinic-contact\/","name":"Dental Clinic Contact - DentaGloss - Turkey Dental Centre","isPartOf":{"@id":"https:\/\/www.dentagloss.com\/#website"},"datePublished":"2017-05-18T12:06:37+00:00","dateModified":"2023-11-22T10:42:54+00:00","description":"Dental Clinic Contact. Please upload photos of your teeth so that we can tell you exactly the total cost of your dental treatment.","breadcrumb":{"@id":"https:\/\/www.dentagloss.com\/dental-clinic-contact\/#breadcrumb"},"inLanguage":"de","potentialAction":[{"@type":"ReadAction","target":["https:\/\/www.dentagloss.com\/dental-clinic-contact\/"]}]},{"@type":"BreadcrumbList","@id":"https:\/\/www.dentagloss.com\/dental-clinic-contact\/#breadcrumb","itemListElement":[{"@type":"ListItem","position":1,"name":"Home","item":"https:\/\/www.dentagloss.com\/"},{"@type":"ListItem","position":2,"name":"Contact"}]},{"@type":"WebSite","@id":"https:\/\/www.dentagloss.com\/#website","url":"https:\/\/www.dentagloss.com\/","name":"DentaGloss Dental Clinic - Turkey Dental Centre","description":"Enjoy dental tourism in Turkey","publisher":{"@id":"https:\/\/www.dentagloss.com\/#organization"},"alternateName":"DentaGloss - Turkey Dental Centre","potentialAction":[{"@type":"SearchAction","target":{"@type":"EntryPoint","urlTemplate":"https:\/\/www.dentagloss.com\/?s={search_term_string}"},"query-input":{"@type":"PropertyValueSpecification","valueRequired":true,"valueName":"search_term_string"}}],"inLanguage":"de"},{"@type":"Organization","@id":"https:\/\/www.dentagloss.com\/#organization","name":"DentaGloss Dental Clinic - Turkey Dental Centre","alternateName":"DentaGloss - Turkey Dental Centre","url":"https:\/\/www.dentagloss.com\/","logo":{"@type":"ImageObject","inLanguage":"de","@id":"https:\/\/www.dentagloss.com\/#\/schema\/logo\/image\/","url":"https:\/\/dentagloss.com\/wp-content\/uploads\/2023\/07\/cropped-Gloss1PNG.png","contentUrl":"https:\/\/dentagloss.com\/wp-content\/uploads\/2023\/07\/cropped-Gloss1PNG.png","width":512,"height":512,"caption":"DentaGloss Dental Clinic - Turkey Dental Centre"},"image":{"@id":"https:\/\/www.dentagloss.com\/#\/schema\/logo\/image\/"},"sameAs":["https:\/\/www.facebook.com\/dentagloss","https:\/\/www.instagram.com\/dentagloss\/"],"publishingPrinciples":"https:\/\/www.dentagloss.com\/de\/privacy-policy\/","ownershipFundingInfo":"https:\/\/www.dentagloss.com\/about-dentagloss-turkey\/dentist-in-turkey\/","actionableFeedbackPolicy":"https:\/\/www.dentagloss.com\/get-a-free-offer\/","correctionsPolicy":"https:\/\/www.dentagloss.com\/de\/privacy-policy\/","ethicsPolicy":"https:\/\/www.dentagloss.com\/de\/privacy-policy\/","diversityPolicy":"https:\/\/www.dentagloss.com\/de\/privacy-policy\/","diversityStaffingReport":"https:\/\/www.dentagloss.com\/dental-clinic-contact\/"}]}},"_links":{"self":[{"href":"https:\/\/www.dentagloss.com\/de\/wp-json\/wp\/v2\/pages\/2052","targetHints":{"allow":["GET"]}}],"collection":[{"href":"https:\/\/www.dentagloss.com\/de\/wp-json\/wp\/v2\/pages"}],"about":[{"href":"https:\/\/www.dentagloss.com\/de\/wp-json\/wp\/v2\/types\/page"}],"author":[{"embeddable":true,"href":"https:\/\/www.dentagloss.com\/de\/wp-json\/wp\/v2\/users\/1"}],"replies":[{"embeddable":true,"href":"https:\/\/www.dentagloss.com\/de\/wp-json\/wp\/v2\/comments?post=2052"}],"version-history":[{"count":46,"href":"https:\/\/www.dentagloss.com\/de\/wp-json\/wp\/v2\/pages\/2052\/revisions"}],"predecessor-version":[{"id":4418,"href":"https:\/\/www.dentagloss.com\/de\/wp-json\/wp\/v2\/pages\/2052\/revisions\/4418"}],"wp:attachment":[{"href":"https:\/\/www.dentagloss.com\/de\/wp-json\/wp\/v2\/media?parent=2052"}],"curies":[{"name":"wp","href":"https:\/\/api.w.org\/{rel}","templated":true}]}}